{"id":1980,"date":"2024-02-05T17:56:00","date_gmt":"2024-02-05T20:56:00","guid":{"rendered":"https:\/\/malvese.com.br\/?page_id=1980"},"modified":"2024-07-26T21:08:47","modified_gmt":"2024-07-27T00:08:47","slug":"acoes-legais","status":"publish","type":"page","link":"https:\/\/malvese.com.br\/index.php\/acoes-legais\/","title":{"rendered":"A\u00e7\u00f5es Legais"},"content":{"rendered":"\t\t<div data-elementor-type=\"wp-page\" data-elementor-id=\"1980\" class=\"elementor elementor-1980\" data-elementor-post-type=\"page\">\n\t\t\t\t<div class=\"elementor-element elementor-element-47b8e8ed e-flex e-con-boxed e-con e-parent\" data-id=\"47b8e8ed\" data-element_type=\"container\">\n\t\t\t\t\t<div class=\"e-con-inner\">\n\t\t\t\t<div class=\"elementor-element elementor-element-46162851 elementor-widget elementor-widget-image\" data-id=\"46162851\" data-element_type=\"widget\" data-widget_type=\"image.default\">\n\t\t\t\t<div class=\"elementor-widget-container\">\n\t\t\t\t\t\t\t\t\t\t\t\t\t\t\t<img decoding=\"async\" width=\"150\" height=\"150\" src=\"https:\/\/malvese.com.br\/wp-content\/uploads\/2024\/01\/contract-150x150.png\" class=\"attachment-thumbnail size-thumbnail wp-image-1037\" alt=\"\" srcset=\"https:\/\/malvese.com.br\/wp-content\/uploads\/2024\/01\/contract-150x150.png 150w, https:\/\/malvese.com.br\/wp-content\/uploads\/2024\/01\/contract-300x300.png 300w, https:\/\/malvese.com.br\/wp-content\/uploads\/2024\/01\/elementor\/thumbs\/contract-qidhlgiycne1x5ia5yq11c1clw6ikv2ip5i1rqpzq8.png 80w, https:\/\/malvese.com.br\/wp-content\/uploads\/2024\/01\/contract.png 512w\" sizes=\"(max-width: 150px) 100vw, 150px\" \/>\t\t\t\t\t\t\t\t\t\t\t\t\t\t\t<\/div>\n\t\t\t\t<\/div>\n\t\t\t\t\t<\/div>\n\t\t\t\t<\/div>\n\t\t<div class=\"elementor-element elementor-element-6d71f540 e-flex e-con-boxed e-con e-parent\" data-id=\"6d71f540\" data-element_type=\"container\">\n\t\t\t\t\t<div class=\"e-con-inner\">\n\t\t<div class=\"elementor-element elementor-element-4a0464b2 e-con-full e-flex e-con e-child\" data-id=\"4a0464b2\" data-element_type=\"container\">\n\t\t<div class=\"elementor-element elementor-element-6089b8a7 elementor-hidden-mobile e-flex e-con-boxed e-con e-child\" data-id=\"6089b8a7\" data-element_type=\"container\">\n\t\t\t\t\t<div class=\"e-con-inner\">\n\t\t\t\t<div class=\"elementor-element elementor-element-48335556 elementor-widget elementor-widget-heading\" data-id=\"48335556\" data-element_type=\"widget\" data-widget_type=\"heading.default\">\n\t\t\t\t<div class=\"elementor-widget-container\">\n\t\t\t\t\t<h3 class=\"elementor-heading-title elementor-size-default\">Outros servi\u00e7os<\/h3>\t\t\t\t<\/div>\n\t\t\t\t<\/div>\n\t\t\t\t<div class=\"elementor-element elementor-element-c634610 elementor-icon-list--layout-traditional elementor-list-item-link-full_width elementor-widget elementor-widget-icon-list\" data-id=\"c634610\" data-element_type=\"widget\" data-widget_type=\"icon-list.default\">\n\t\t\t\t<div class=\"elementor-widget-container\">\n\t\t\t\t\t\t\t<ul class=\"elementor-icon-list-items\">\n\t\t\t\t\t\t\t<li class=\"elementor-icon-list-item\">\n\t\t\t\t\t\t\t\t\t\t\t<a href=\"https:\/\/malvese.com.br\/index.php\/casos-trabalhistas\/\">\n\n\t\t\t\t\t\t\t\t\t\t\t<span class=\"elementor-icon-list-text\">Casos Trabalhistas<\/span>\n\t\t\t\t\t\t\t\t\t\t\t<\/a>\n\t\t\t\t\t\t\t\t\t<\/li>\n\t\t\t\t\t\t\t\t<li class=\"elementor-icon-list-item\">\n\t\t\t\t\t\t\t\t\t\t\t<a href=\"https:\/\/malvese.com.br\/index.php\/holding-familiar\/\">\n\n\t\t\t\t\t\t\t\t\t\t\t<span class=\"elementor-icon-list-text\">Holdings<\/span>\n\t\t\t\t\t\t\t\t\t\t\t<\/a>\n\t\t\t\t\t\t\t\t\t<\/li>\n\t\t\t\t\t\t\t\t<li class=\"elementor-icon-list-item\">\n\t\t\t\t\t\t\t\t\t\t\t<a href=\"https:\/\/malvese.com.br\/index.php\/inventario-e-direito-de-sucessoes\/\">\n\n\t\t\t\t\t\t\t\t\t\t\t<span class=\"elementor-icon-list-text\">Invent\u00e1rio e Direito de sucess\u00f5es<\/span>\n\t\t\t\t\t\t\t\t\t\t\t<\/a>\n\t\t\t\t\t\t\t\t\t<\/li>\n\t\t\t\t\t\t\t\t<li class=\"elementor-icon-list-item\">\n\t\t\t\t\t\t\t\t\t\t\t<a href=\"https:\/\/malvese.com.br\/index.php\/regime-de-bens-e-pactos-antenupciais\/\">\n\n\t\t\t\t\t\t\t\t\t\t\t<span class=\"elementor-icon-list-text\">Regime de bens e Pacto antenupcial<\/span>\n\t\t\t\t\t\t\t\t\t\t\t<\/a>\n\t\t\t\t\t\t\t\t\t<\/li>\n\t\t\t\t\t\t\t\t<li class=\"elementor-icon-list-item\">\n\t\t\t\t\t\t\t\t\t\t\t<a href=\"https:\/\/malvese.com.br\/index.php\/empresas-em-diversos-ramos\/\">\n\n\t\t\t\t\t\t\t\t\t\t\t<span class=\"elementor-icon-list-text\">Empresas em diversos ramos<\/span>\n\t\t\t\t\t\t\t\t\t\t\t<\/a>\n\t\t\t\t\t\t\t\t\t<\/li>\n\t\t\t\t\t\t\t\t<li class=\"elementor-icon-list-item\">\n\t\t\t\t\t\t\t\t\t\t\t<a href=\"https:\/\/malvese.com.br\/index.php\/direito-patrimonial-e-gestao-de-patrimonio\/\">\n\n\t\t\t\t\t\t\t\t\t\t\t<span class=\"elementor-icon-list-text\">Direito Patrimonial e Gest\u00e3o de Patrim\u00f4nio<\/span>\n\t\t\t\t\t\t\t\t\t\t\t<\/a>\n\t\t\t\t\t\t\t\t\t<\/li>\n\t\t\t\t\t\t<\/ul>\n\t\t\t\t\t\t<\/div>\n\t\t\t\t<\/div>\n\t\t\t\t\t<\/div>\n\t\t\t\t<\/div>\n\t\t\t\t<\/div>\n\t\t<div class=\"elementor-element elementor-element-720a6ae8 e-con-full e-flex e-con e-child\" data-id=\"720a6ae8\" data-element_type=\"container\">\n\t\t\t\t<div class=\"elementor-element elementor-element-f9e7072 elementor-view-default elementor-widget elementor-widget-icon\" data-id=\"f9e7072\" data-element_type=\"widget\" data-widget_type=\"icon.default\">\n\t\t\t\t<div class=\"elementor-widget-container\">\n\t\t\t\t\t\t\t<div class=\"elementor-icon-wrapper\">\n\t\t\t<div class=\"elementor-icon\">\n\t\t\t<svg aria-hidden=\"true\" class=\"e-font-icon-svg e-fas-file-contract\" viewBox=\"0 0 384 512\" xmlns=\"http:\/\/www.w3.org\/2000\/svg\"><path d=\"M224 136V0H24C10.7 0 0 10.7 0 24v464c0 13.3 10.7 24 24 24h336c13.3 0 24-10.7 24-24V160H248c-13.2 0-24-10.8-24-24zM64 72c0-4.42 3.58-8 8-8h80c4.42 0 8 3.58 8 8v16c0 4.42-3.58 8-8 8H72c-4.42 0-8-3.58-8-8V72zm0 64c0-4.42 3.58-8 8-8h80c4.42 0 8 3.58 8 8v16c0 4.42-3.58 8-8 8H72c-4.42 0-8-3.58-8-8v-16zm192.81 248H304c8.84 0 16 7.16 16 16s-7.16 16-16 16h-47.19c-16.45 0-31.27-9.14-38.64-23.86-2.95-5.92-8.09-6.52-10.17-6.52s-7.22.59-10.02 6.19l-7.67 15.34a15.986 15.986 0 0 1-14.31 8.84c-.38 0-.75-.02-1.14-.05-6.45-.45-12-4.75-14.03-10.89L144 354.59l-10.61 31.88c-5.89 17.66-22.38 29.53-41 29.53H80c-8.84 0-16-7.16-16-16s7.16-16 16-16h12.39c4.83 0 9.11-3.08 10.64-7.66l18.19-54.64c3.3-9.81 12.44-16.41 22.78-16.41s19.48 6.59 22.77 16.41l13.88 41.64c19.77-16.19 54.05-9.7 66 14.16 2.02 4.06 5.96 6.5 10.16 6.5zM377 105L279.1 7c-4.5-4.5-10.6-7-17-7H256v128h128v-6.1c0-6.3-2.5-12.4-7-16.9z\"><\/path><\/svg>\t\t\t<\/div>\n\t\t<\/div>\n\t\t\t\t\t\t<\/div>\n\t\t\t\t<\/div>\n\t\t\t\t<div class=\"elementor-element elementor-element-dbc1bf5 elementor-widget elementor-widget-heading\" data-id=\"dbc1bf5\" data-element_type=\"widget\" data-widget_type=\"heading.default\">\n\t\t\t\t<div class=\"elementor-widget-container\">\n\t\t\t\t\t<h1 class=\"elementor-heading-title elementor-size-default\">A\u00e7\u00f5es Legais<\/h1>\t\t\t\t<\/div>\n\t\t\t\t<\/div>\n\t\t\t\t<div class=\"elementor-element elementor-element-3b60821d elementor-widget elementor-widget-text-editor\" data-id=\"3b60821d\" data-element_type=\"widget\" data-widget_type=\"text-editor.default\">\n\t\t\t\t<div class=\"elementor-widget-container\">\n\t\t\t\t\t\t\t\t\t<p>No escrit\u00f3rio Malvese Advogados, somos uma equipe de profissionais altamente especializados em Direito Civil, Direito de Fam\u00edlia, Direito Imobili\u00e1rio, Direito do Consumidor e Direito Contratual. Comprometemo-nos em oferecer um suporte jur\u00eddico abrangente e eficiente em uma vasta gama de a\u00e7\u00f5es legais, garantindo representa\u00e7\u00e3o jur\u00eddica assertiva e dedicada em todas as situa\u00e7\u00f5es.<\/p><p>Ampla Expertise em A\u00e7\u00f5es Legais<br \/>Oferecemos assist\u00eancia legal especializada nas seguintes \u00e1reas:<\/p><p>Usucapi\u00e3o e suas Modalidades: Expertise em diferentes tipos de usucapi\u00e3o, assegurando a defesa e aquisi\u00e7\u00e3o de direitos sobre propriedades imobili\u00e1rias.<\/p><p>Adjudica\u00e7\u00e3o: Atuamos em processos de adjudica\u00e7\u00e3o, garantindo que os direitos de propriedade sejam efetivamente transferidos e resguardados.<\/p><p>Defesas em A\u00e7\u00f5es de Cobran\u00e7a e Execu\u00e7\u00f5es: Proporcionamos defesas estrat\u00e9gicas e eficazes em casos de cobran\u00e7as e execu\u00e7\u00f5es, protegendo os interesses dos nossos clientes.<\/p><p>A\u00e7\u00f5es Anulat\u00f3rias e A\u00e7\u00f5es Declarat\u00f3rias: Especializados em lit\u00edgios complexos, lidamos com a\u00e7\u00f5es que buscam anular atos jur\u00eddicos ou declarar direitos e rela\u00e7\u00f5es jur\u00eddicas.<\/p><p>Mandado de Seguran\u00e7a em Mat\u00e9ria C\u00edvel e Tribut\u00e1ria: Oferecemos representa\u00e7\u00e3o em mandados de seguran\u00e7a, protegendo direitos e interesses em face de atos administrativos.<\/p><p>Al\u00e9m destas \u00e1reas, continuamos a oferecer servi\u00e7os especializados em:<\/p><p>Div\u00f3rcio e Relacionamentos Familiares: Suporte abrangente em todas as quest\u00f5es relacionadas ao div\u00f3rcio, incluindo divis\u00e3o de bens, pens\u00e3o aliment\u00edcia e acordos de guarda.<\/p><p>Guarda e Pens\u00e3o Aliment\u00edcia: Prote\u00e7\u00e3o dos interesses dos nossos clientes em quest\u00f5es de guarda e pens\u00e3o aliment\u00edcia.<\/p><p>Despejo e Disputas Imobili\u00e1rias: Resolu\u00e7\u00e3o eficaz e justa em casos de despejo e disputas por propriedade.<\/p><p>A\u00e7\u00f5es Indenizat\u00f3rias: Defesa dos direitos dos clientes em indeniza\u00e7\u00f5es ligadas a contratos e rela\u00e7\u00f5es de consumo.<\/p><p>Obriga\u00e7\u00e3o de Fazer, Interdi\u00e7\u00e3o e Presta\u00e7\u00e3o de Contas: Acompanhamento jur\u00eddico detalhado em a\u00e7\u00f5es de obriga\u00e7\u00e3o de fazer, processos de interdi\u00e7\u00e3o e quest\u00f5es de presta\u00e7\u00e3o de contas.<\/p><p>Compromisso com a Excel\u00eancia<br \/>Na Malvese Advogados, nosso compromisso \u00e9 com a excel\u00eancia jur\u00eddica e a satisfa\u00e7\u00e3o do cliente. Entendemos que cada caso \u00e9 \u00fanico e requer uma abordagem personalizada. Nosso objetivo \u00e9 fornecer solu\u00e7\u00f5es jur\u00eddicas que n\u00e3o apenas atendam, mas superem as expectativas de nossos clientes.<\/p>\t\t\t\t\t\t\t\t<\/div>\n\t\t\t\t<\/div>\n\t\t\t\t<div class=\"elementor-element elementor-element-6f2c7aa5 elementor-align-left elementor-widget elementor-widget-button\" data-id=\"6f2c7aa5\" data-element_type=\"widget\" data-widget_type=\"button.default\">\n\t\t\t\t<div class=\"elementor-widget-container\">\n\t\t\t\t\t\t\t\t\t<div class=\"elementor-button-wrapper\">\n\t\t\t\t\t<a class=\"elementor-button elementor-button-link elementor-size-sm\" href=\"https:\/\/api.whatsapp.com\/send?phone=5511911296084&#038;text=Ol%C3%A1!%20Cheguei%20atrav%C3%A9s%20do%20site.%20Gostaria%20de%20agendar%20uma%20consulta.%20\" target=\"_blank\">\n\t\t\t\t\t\t<span class=\"elementor-button-content-wrapper\">\n\t\t\t\t\t\t\t\t\t<span class=\"elementor-button-text\">Agende uma consulta<\/span>\n\t\t\t\t\t<\/span>\n\t\t\t\t\t<\/a>\n\t\t\t\t<\/div>\n\t\t\t\t\t\t\t\t<\/div>\n\t\t\t\t<\/div>\n\t\t<div class=\"elementor-element elementor-element-787217a elementor-hidden-desktop elementor-hidden-tablet e-flex e-con-boxed e-con e-child\" data-id=\"787217a\" data-element_type=\"container\">\n\t\t\t\t\t<div class=\"e-con-inner\">\n\t\t\t\t<div class=\"elementor-element elementor-element-d09f185 elementor-widget elementor-widget-heading\" data-id=\"d09f185\" data-element_type=\"widget\" data-widget_type=\"heading.default\">\n\t\t\t\t<div class=\"elementor-widget-container\">\n\t\t\t\t\t<h3 class=\"elementor-heading-title elementor-size-default\">Outros servi\u00e7os<\/h3>\t\t\t\t<\/div>\n\t\t\t\t<\/div>\n\t\t\t\t<div class=\"elementor-element elementor-element-859be98 elementor-icon-list--layout-traditional elementor-list-item-link-full_width elementor-widget elementor-widget-icon-list\" data-id=\"859be98\" data-element_type=\"widget\" data-widget_type=\"icon-list.default\">\n\t\t\t\t<div class=\"elementor-widget-container\">\n\t\t\t\t\t\t\t<ul class=\"elementor-icon-list-items\">\n\t\t\t\t\t\t\t<li class=\"elementor-icon-list-item\">\n\t\t\t\t\t\t\t\t\t\t\t<a href=\"https:\/\/malvese.com.br\/index.php\/casos-trabalhistas\/\">\n\n\t\t\t\t\t\t\t\t\t\t\t<span class=\"elementor-icon-list-text\">Casos Trabalhistas<\/span>\n\t\t\t\t\t\t\t\t\t\t\t<\/a>\n\t\t\t\t\t\t\t\t\t<\/li>\n\t\t\t\t\t\t\t\t<li class=\"elementor-icon-list-item\">\n\t\t\t\t\t\t\t\t\t\t\t<a href=\"https:\/\/malvese.com.br\/index.php\/holding-familiar\/\">\n\n\t\t\t\t\t\t\t\t\t\t\t<span class=\"elementor-icon-list-text\">Holdings<\/span>\n\t\t\t\t\t\t\t\t\t\t\t<\/a>\n\t\t\t\t\t\t\t\t\t<\/li>\n\t\t\t\t\t\t\t\t<li class=\"elementor-icon-list-item\">\n\t\t\t\t\t\t\t\t\t\t\t<a href=\"https:\/\/malvese.com.br\/index.php\/inventario-e-direito-de-sucessoes\/\">\n\n\t\t\t\t\t\t\t\t\t\t\t<span class=\"elementor-icon-list-text\">Invent\u00e1rio e Direito de sucess\u00f5es<\/span>\n\t\t\t\t\t\t\t\t\t\t\t<\/a>\n\t\t\t\t\t\t\t\t\t<\/li>\n\t\t\t\t\t\t\t\t<li class=\"elementor-icon-list-item\">\n\t\t\t\t\t\t\t\t\t\t\t<a href=\"https:\/\/malvese.com.br\/index.php\/regime-de-bens-e-pactos-antenupciais\/\">\n\n\t\t\t\t\t\t\t\t\t\t\t<span class=\"elementor-icon-list-text\">Regime de bens e Pacto antenupcial<\/span>\n\t\t\t\t\t\t\t\t\t\t\t<\/a>\n\t\t\t\t\t\t\t\t\t<\/li>\n\t\t\t\t\t\t\t\t<li class=\"elementor-icon-list-item\">\n\t\t\t\t\t\t\t\t\t\t\t<a href=\"https:\/\/malvese.com.br\/index.php\/empresas-em-diversos-ramos\/\">\n\n\t\t\t\t\t\t\t\t\t\t\t<span class=\"elementor-icon-list-text\">Empresas em diversos ramos<\/span>\n\t\t\t\t\t\t\t\t\t\t\t<\/a>\n\t\t\t\t\t\t\t\t\t<\/li>\n\t\t\t\t\t\t\t\t<li class=\"elementor-icon-list-item\">\n\t\t\t\t\t\t\t\t\t\t\t<a href=\"https:\/\/malvese.com.br\/index.php\/direito-patrimonial-e-gestao-de-patrimonio\/\">\n\n\t\t\t\t\t\t\t\t\t\t\t<span class=\"elementor-icon-list-text\">Direito Patrimonial e Gest\u00e3o de Patrim\u00f4nio<\/span>\n\t\t\t\t\t\t\t\t\t\t\t<\/a>\n\t\t\t\t\t\t\t\t\t<\/li>\n\t\t\t\t\t\t<\/ul>\n\t\t\t\t\t\t<\/div>\n\t\t\t\t<\/div>\n\t\t\t\t\t<\/div>\n\t\t\t\t<\/div>\n\t\t\t\t<\/div>\n\t\t\t\t\t<\/div>\n\t\t\t\t<\/div>\n\t\t\t\t<\/div>\n\t\t","protected":false},"excerpt":{"rendered":"<p>Outros servi\u00e7os Casos Trabalhistas Holdings Invent\u00e1rio e Direito de sucess\u00f5es Regime de bens e Pacto antenupcial Empresas em diversos ramos Direito Patrimonial e Gest\u00e3o de Patrim\u00f4nio A\u00e7\u00f5es Legais No escrit\u00f3rio Malvese Advogados, somos uma equipe de profissionais altamente especializados em Direito Civil, Direito de Fam\u00edlia, Direito Imobili\u00e1rio, Direito do Consumidor e Direito Contratual. Comprometemo-nos em [&hellip;]<\/p>\n","protected":false},"author":1,"featured_media":0,"parent":0,"menu_order":0,"comment_status":"closed","ping_status":"closed","template":"","meta":{"om_disable_all_campaigns":false,"_uf_show_specific_survey":0,"_uf_disable_surveys":false,"_joinchat":[],"footnotes":""},"class_list":["post-1980","page","type-page","status-publish","hentry"],"aioseo_notices":[],"_links":{"self":[{"href":"https:\/\/malvese.com.br\/index.php\/wp-json\/wp\/v2\/pages\/1980","targetHints":{"allow":["GET"]}}],"collection":[{"href":"https:\/\/malvese.com.br\/index.php\/wp-json\/wp\/v2\/pages"}],"about":[{"href":"https:\/\/malvese.com.br\/index.php\/wp-json\/wp\/v2\/types\/page"}],"author":[{"embeddable":true,"href":"https:\/\/malvese.com.br\/index.php\/wp-json\/wp\/v2\/users\/1"}],"replies":[{"embeddable":true,"href":"https:\/\/malvese.com.br\/index.php\/wp-json\/wp\/v2\/comments?post=1980"}],"version-history":[{"count":103,"href":"https:\/\/malvese.com.br\/index.php\/wp-json\/wp\/v2\/pages\/1980\/revisions"}],"predecessor-version":[{"id":3906,"href":"https:\/\/malvese.com.br\/index.php\/wp-json\/wp\/v2\/pages\/1980\/revisions\/3906"}],"wp:attachment":[{"href":"https:\/\/malvese.com.br\/index.php\/wp-json\/wp\/v2\/media?parent=1980"}],"curies":[{"name":"wp","href":"https:\/\/api.w.org\/{rel}","templated":true}]}}