{"id":2107,"date":"2024-02-05T18:14:31","date_gmt":"2024-02-05T21:14:31","guid":{"rendered":"https:\/\/malvese.com.br\/?page_id=2107"},"modified":"2024-07-26T21:18:46","modified_gmt":"2024-07-27T00:18:46","slug":"regime-de-bens-e-pactos-antenupciais","status":"publish","type":"page","link":"https:\/\/malvese.com.br\/index.php\/regime-de-bens-e-pactos-antenupciais\/","title":{"rendered":"Regime de Bens e Pactos Antenupciais"},"content":{"rendered":"\t\t<div data-elementor-type=\"wp-page\" data-elementor-id=\"2107\" class=\"elementor elementor-2107\" data-elementor-post-type=\"page\">\n\t\t\t\t<div class=\"elementor-element elementor-element-158bf414 e-flex e-con-boxed e-con e-parent\" data-id=\"158bf414\" data-element_type=\"container\">\n\t\t\t\t\t<div class=\"e-con-inner\">\n\t\t\t\t<div class=\"elementor-element elementor-element-12c581b0 elementor-widget elementor-widget-image\" data-id=\"12c581b0\" data-element_type=\"widget\" data-widget_type=\"image.default\">\n\t\t\t\t<div class=\"elementor-widget-container\">\n\t\t\t\t\t\t\t\t\t\t\t\t\t\t\t<img decoding=\"async\" width=\"150\" height=\"150\" src=\"https:\/\/malvese.com.br\/wp-content\/uploads\/2024\/01\/rings-150x150.png\" class=\"attachment-thumbnail size-thumbnail wp-image-1041\" alt=\"\" srcset=\"https:\/\/malvese.com.br\/wp-content\/uploads\/2024\/01\/rings-150x150.png 150w, https:\/\/malvese.com.br\/wp-content\/uploads\/2024\/01\/rings-300x300.png 300w, https:\/\/malvese.com.br\/wp-content\/uploads\/2024\/01\/rings.png 512w\" sizes=\"(max-width: 150px) 100vw, 150px\" \/>\t\t\t\t\t\t\t\t\t\t\t\t\t\t\t<\/div>\n\t\t\t\t<\/div>\n\t\t\t\t\t<\/div>\n\t\t\t\t<\/div>\n\t\t<div class=\"elementor-element elementor-element-4036a0e8 e-flex e-con-boxed e-con e-parent\" data-id=\"4036a0e8\" data-element_type=\"container\">\n\t\t\t\t\t<div class=\"e-con-inner\">\n\t\t<div class=\"elementor-element elementor-element-216fc13c e-con-full e-flex e-con e-child\" data-id=\"216fc13c\" data-element_type=\"container\">\n\t\t<div class=\"elementor-element elementor-element-33f4bdbc elementor-hidden-mobile e-flex e-con-boxed e-con e-child\" data-id=\"33f4bdbc\" data-element_type=\"container\">\n\t\t\t\t\t<div class=\"e-con-inner\">\n\t\t\t\t<div class=\"elementor-element elementor-element-2a7b67ae elementor-widget elementor-widget-heading\" data-id=\"2a7b67ae\" data-element_type=\"widget\" data-widget_type=\"heading.default\">\n\t\t\t\t<div class=\"elementor-widget-container\">\n\t\t\t\t\t<h3 class=\"elementor-heading-title elementor-size-default\">Outros servi\u00e7os<\/h3>\t\t\t\t<\/div>\n\t\t\t\t<\/div>\n\t\t\t\t<div class=\"elementor-element elementor-element-e8efe2 elementor-icon-list--layout-traditional elementor-list-item-link-full_width elementor-widget elementor-widget-icon-list\" data-id=\"e8efe2\" data-element_type=\"widget\" data-widget_type=\"icon-list.default\">\n\t\t\t\t<div class=\"elementor-widget-container\">\n\t\t\t\t\t\t\t<ul class=\"elementor-icon-list-items\">\n\t\t\t\t\t\t\t<li class=\"elementor-icon-list-item\">\n\t\t\t\t\t\t\t\t\t\t\t<a href=\"https:\/\/malvese.com.br\/index.php\/direito-patrimonial-e-gestao-de-patrimonio\/\">\n\n\t\t\t\t\t\t\t\t\t\t\t<span class=\"elementor-icon-list-text\">Direito patrimonial e Gest\u00e3o de patrim\u00f4nio<\/span>\n\t\t\t\t\t\t\t\t\t\t\t<\/a>\n\t\t\t\t\t\t\t\t\t<\/li>\n\t\t\t\t\t\t\t\t<li class=\"elementor-icon-list-item\">\n\t\t\t\t\t\t\t\t\t\t\t<a href=\"https:\/\/malvese.com.br\/index.php\/holding-familiar\/\">\n\n\t\t\t\t\t\t\t\t\t\t\t<span class=\"elementor-icon-list-text\">Holdings<\/span>\n\t\t\t\t\t\t\t\t\t\t\t<\/a>\n\t\t\t\t\t\t\t\t\t<\/li>\n\t\t\t\t\t\t\t\t<li class=\"elementor-icon-list-item\">\n\t\t\t\t\t\t\t\t\t\t\t<a href=\"https:\/\/malvese.com.br\/index.php\/inventario-e-direito-de-sucessoes\/\">\n\n\t\t\t\t\t\t\t\t\t\t\t<span class=\"elementor-icon-list-text\">Invent\u00e1rio e Direito de sucess\u00f5es<\/span>\n\t\t\t\t\t\t\t\t\t\t\t<\/a>\n\t\t\t\t\t\t\t\t\t<\/li>\n\t\t\t\t\t\t\t\t<li class=\"elementor-icon-list-item\">\n\t\t\t\t\t\t\t\t\t\t\t<a href=\"https:\/\/malvese.com.br\/index.php\/casos-trabalhistas\/\">\n\n\t\t\t\t\t\t\t\t\t\t\t<span class=\"elementor-icon-list-text\">Casos Trabalhistas<\/span>\n\t\t\t\t\t\t\t\t\t\t\t<\/a>\n\t\t\t\t\t\t\t\t\t<\/li>\n\t\t\t\t\t\t\t\t<li class=\"elementor-icon-list-item\">\n\t\t\t\t\t\t\t\t\t\t\t<a href=\"https:\/\/malvese.com.br\/index.php\/empresas-em-diversos-ramos\/\">\n\n\t\t\t\t\t\t\t\t\t\t\t<span class=\"elementor-icon-list-text\">Empresas em diversos ramos<\/span>\n\t\t\t\t\t\t\t\t\t\t\t<\/a>\n\t\t\t\t\t\t\t\t\t<\/li>\n\t\t\t\t\t\t<\/ul>\n\t\t\t\t\t\t<\/div>\n\t\t\t\t<\/div>\n\t\t\t\t\t<\/div>\n\t\t\t\t<\/div>\n\t\t\t\t<\/div>\n\t\t<div class=\"elementor-element elementor-element-38f23ce3 e-con-full e-flex e-con e-child\" data-id=\"38f23ce3\" data-element_type=\"container\">\n\t\t\t\t<div class=\"elementor-element elementor-element-72e62286 elementor-view-default elementor-widget elementor-widget-icon\" data-id=\"72e62286\" data-element_type=\"widget\" data-widget_type=\"icon.default\">\n\t\t\t\t<div class=\"elementor-widget-container\">\n\t\t\t\t\t\t\t<div class=\"elementor-icon-wrapper\">\n\t\t\t<div class=\"elementor-icon\">\n\t\t\t<svg aria-hidden=\"true\" class=\"e-font-icon-svg e-fas-ring\" viewBox=\"0 0 512 512\" xmlns=\"http:\/\/www.w3.org\/2000\/svg\"><path d=\"M256 64C110.06 64 0 125.91 0 208v98.13C0 384.48 114.62 448 256 448s256-63.52 256-141.87V208c0-82.09-110.06-144-256-144zm0 64c106.04 0 192 35.82 192 80 0 9.26-3.97 18.12-10.91 26.39C392.15 208.21 328.23 192 256 192s-136.15 16.21-181.09 42.39C67.97 226.12 64 217.26 64 208c0-44.18 85.96-80 192-80zM120.43 264.64C155.04 249.93 201.64 240 256 240s100.96 9.93 135.57 24.64C356.84 279.07 308.93 288 256 288s-100.84-8.93-135.57-23.36z\"><\/path><\/svg>\t\t\t<\/div>\n\t\t<\/div>\n\t\t\t\t\t\t<\/div>\n\t\t\t\t<\/div>\n\t\t\t\t<div class=\"elementor-element elementor-element-34aa4756 elementor-widget elementor-widget-heading\" data-id=\"34aa4756\" data-element_type=\"widget\" data-widget_type=\"heading.default\">\n\t\t\t\t<div class=\"elementor-widget-container\">\n\t\t\t\t\t<h1 class=\"elementor-heading-title elementor-size-default\">Regime de Bens e Pactos Antenupciais<\/h1>\t\t\t\t<\/div>\n\t\t\t\t<\/div>\n\t\t\t\t<div class=\"elementor-element elementor-element-68b38b1d elementor-widget elementor-widget-text-editor\" data-id=\"68b38b1d\" data-element_type=\"widget\" data-widget_type=\"text-editor.default\">\n\t\t\t\t<div class=\"elementor-widget-container\">\n\t\t\t\t\t\t\t\t\t<p>No escrit\u00f3rio Malvese Advogados, entendemos a import\u00e2ncia de uma base s\u00f3lida para as rela\u00e7\u00f5es matrimoniais, especialmente no que se refere ao regime de bens e aos pactos antenupciais. Com uma equipe altamente especializada em Direito de Fam\u00edlia, Civil, Tribut\u00e1rio e Financeiro, estamos comprometidos em fornecer consultoria jur\u00eddica de alta qualidade para garantir acordos claros, seguros e alinhados com os interesses pessoais e financeiros dos nossos clientes.<\/p><p>Consultoria Especializada para uma Vida a Dois Segura<br \/>Sabemos que o casamento \u00e9 um passo significativo na vida de qualquer casal, e a escolha do regime de bens \u00e9 uma decis\u00e3o crucial que impacta diversos aspectos da uni\u00e3o. Nosso objetivo \u00e9 assegurar que voc\u00ea fa\u00e7a a escolha mais adequada, considerando n\u00e3o apenas o momento presente, mas tamb\u00e9m planejando o futuro.<\/p><p>Pactos Antenupciais Sob Medida<br \/>Os pactos antenupciais s\u00e3o instrumentos legais valiosos para definir claramente a gest\u00e3o e a distribui\u00e7\u00e3o dos bens do casal. Na Malvese Advogados, ajudamos a elaborar esses acordos, assegurando que reflitam fielmente a vontade das partes envolvidas, ao mesmo tempo em que protegemos seus direitos e ativos.<\/p><p>Resolu\u00e7\u00e3o de Implica\u00e7\u00f5es Fiscais<br \/>As quest\u00f5es fiscais associadas ao regime de bens podem ser complexas. Nossa equipe tem a expertise necess\u00e1ria para orientar sobre as implica\u00e7\u00f5es tribut\u00e1rias, buscando estrat\u00e9gias para uma gest\u00e3o fiscal eficiente e vantajosa dentro do contexto matrimonial.<\/p><p>Abordagem Personalizada e Emp\u00e1tica<br \/>Na Malvese Advogados, cada relacionamento \u00e9 \u00fanico. Nosso atendimento \u00e9 personalizado para entender profundamente as necessidades e expectativas de cada casal. Oferecemos uma orienta\u00e7\u00e3o clara e objetiva em quest\u00f5es pr\u00e9-nupciais, garantindo que todos os aspectos legais sejam cuidadosamente abordados e compreendidos.<\/p>\t\t\t\t\t\t\t\t<\/div>\n\t\t\t\t<\/div>\n\t\t\t\t<div class=\"elementor-element elementor-element-78398a81 elementor-align-left elementor-widget elementor-widget-button\" data-id=\"78398a81\" data-element_type=\"widget\" data-widget_type=\"button.default\">\n\t\t\t\t<div class=\"elementor-widget-container\">\n\t\t\t\t\t\t\t\t\t<div class=\"elementor-button-wrapper\">\n\t\t\t\t\t<a class=\"elementor-button elementor-button-link elementor-size-sm\" href=\"https:\/\/api.whatsapp.com\/send?phone=5511911296084&#038;text=Ol%C3%A1!%20Cheguei%20atrav%C3%A9s%20do%20site.%20Gostaria%20de%20agendar%20uma%20consulta.%20\" target=\"_blank\">\n\t\t\t\t\t\t<span class=\"elementor-button-content-wrapper\">\n\t\t\t\t\t\t\t\t\t<span class=\"elementor-button-text\">Agende uma consulta<\/span>\n\t\t\t\t\t<\/span>\n\t\t\t\t\t<\/a>\n\t\t\t\t<\/div>\n\t\t\t\t\t\t\t\t<\/div>\n\t\t\t\t<\/div>\n\t\t<div class=\"elementor-element elementor-element-47069d0f elementor-hidden-desktop elementor-hidden-tablet e-flex e-con-boxed e-con e-child\" data-id=\"47069d0f\" data-element_type=\"container\">\n\t\t\t\t\t<div class=\"e-con-inner\">\n\t\t\t\t<div class=\"elementor-element elementor-element-54a5bd7e elementor-widget elementor-widget-heading\" data-id=\"54a5bd7e\" data-element_type=\"widget\" data-widget_type=\"heading.default\">\n\t\t\t\t<div class=\"elementor-widget-container\">\n\t\t\t\t\t<h3 class=\"elementor-heading-title elementor-size-default\">Outros servi\u00e7os<\/h3>\t\t\t\t<\/div>\n\t\t\t\t<\/div>\n\t\t\t\t<div class=\"elementor-element elementor-element-45ebcfa elementor-icon-list--layout-traditional elementor-list-item-link-full_width elementor-widget elementor-widget-icon-list\" data-id=\"45ebcfa\" data-element_type=\"widget\" data-widget_type=\"icon-list.default\">\n\t\t\t\t<div class=\"elementor-widget-container\">\n\t\t\t\t\t\t\t<ul class=\"elementor-icon-list-items\">\n\t\t\t\t\t\t\t<li class=\"elementor-icon-list-item\">\n\t\t\t\t\t\t\t\t\t\t\t<a href=\"https:\/\/malvese.com.br\/index.php\/direito-patrimonial-e-gestao-de-patrimonio\/\">\n\n\t\t\t\t\t\t\t\t\t\t\t<span class=\"elementor-icon-list-text\">Direito patrimonial e Gest\u00e3o de patrim\u00f4nio<\/span>\n\t\t\t\t\t\t\t\t\t\t\t<\/a>\n\t\t\t\t\t\t\t\t\t<\/li>\n\t\t\t\t\t\t\t\t<li class=\"elementor-icon-list-item\">\n\t\t\t\t\t\t\t\t\t\t\t<a href=\"https:\/\/malvese.com.br\/index.php\/holding-familiar\/\">\n\n\t\t\t\t\t\t\t\t\t\t\t<span class=\"elementor-icon-list-text\">Holdings<\/span>\n\t\t\t\t\t\t\t\t\t\t\t<\/a>\n\t\t\t\t\t\t\t\t\t<\/li>\n\t\t\t\t\t\t\t\t<li class=\"elementor-icon-list-item\">\n\t\t\t\t\t\t\t\t\t\t\t<a href=\"https:\/\/malvese.com.br\/index.php\/inventario-e-direito-de-sucessoes\/\">\n\n\t\t\t\t\t\t\t\t\t\t\t<span class=\"elementor-icon-list-text\">Invent\u00e1rio e Direito de sucess\u00f5es<\/span>\n\t\t\t\t\t\t\t\t\t\t\t<\/a>\n\t\t\t\t\t\t\t\t\t<\/li>\n\t\t\t\t\t\t\t\t<li class=\"elementor-icon-list-item\">\n\t\t\t\t\t\t\t\t\t\t\t<a href=\"https:\/\/malvese.com.br\/index.php\/casos-trabalhistas\/\">\n\n\t\t\t\t\t\t\t\t\t\t\t<span class=\"elementor-icon-list-text\">Casos Trabalhistas<\/span>\n\t\t\t\t\t\t\t\t\t\t\t<\/a>\n\t\t\t\t\t\t\t\t\t<\/li>\n\t\t\t\t\t\t\t\t<li class=\"elementor-icon-list-item\">\n\t\t\t\t\t\t\t\t\t\t\t<a href=\"https:\/\/malvese.com.br\/index.php\/empresas-em-diversos-ramos\/\">\n\n\t\t\t\t\t\t\t\t\t\t\t<span class=\"elementor-icon-list-text\">Empresas em diversos ramos<\/span>\n\t\t\t\t\t\t\t\t\t\t\t<\/a>\n\t\t\t\t\t\t\t\t\t<\/li>\n\t\t\t\t\t\t<\/ul>\n\t\t\t\t\t\t<\/div>\n\t\t\t\t<\/div>\n\t\t\t\t\t<\/div>\n\t\t\t\t<\/div>\n\t\t\t\t<\/div>\n\t\t\t\t\t<\/div>\n\t\t\t\t<\/div>\n\t\t\t\t<\/div>\n\t\t","protected":false},"excerpt":{"rendered":"<p>Outros servi\u00e7os Direito patrimonial e Gest\u00e3o de patrim\u00f4nio Holdings Invent\u00e1rio e Direito de sucess\u00f5es Casos Trabalhistas Empresas em diversos ramos Regime de Bens e Pactos Antenupciais No escrit\u00f3rio Malvese Advogados, entendemos a import\u00e2ncia de uma base s\u00f3lida para as rela\u00e7\u00f5es matrimoniais, especialmente no que se refere ao regime de bens e aos pactos antenupciais. Com [&hellip;]<\/p>\n","protected":false},"author":1,"featured_media":0,"parent":0,"menu_order":0,"comment_status":"closed","ping_status":"closed","template":"","meta":{"om_disable_all_campaigns":false,"_uf_show_specific_survey":0,"_uf_disable_surveys":false,"_joinchat":[],"footnotes":""},"class_list":["post-2107","page","type-page","status-publish","hentry"],"aioseo_notices":[],"_links":{"self":[{"href":"https:\/\/malvese.com.br\/index.php\/wp-json\/wp\/v2\/pages\/2107","targetHints":{"allow":["GET"]}}],"collection":[{"href":"https:\/\/malvese.com.br\/index.php\/wp-json\/wp\/v2\/pages"}],"about":[{"href":"https:\/\/malvese.com.br\/index.php\/wp-json\/wp\/v2\/types\/page"}],"author":[{"embeddable":true,"href":"https:\/\/malvese.com.br\/index.php\/wp-json\/wp\/v2\/users\/1"}],"replies":[{"embeddable":true,"href":"https:\/\/malvese.com.br\/index.php\/wp-json\/wp\/v2\/comments?post=2107"}],"version-history":[{"count":46,"href":"https:\/\/malvese.com.br\/index.php\/wp-json\/wp\/v2\/pages\/2107\/revisions"}],"predecessor-version":[{"id":3935,"href":"https:\/\/malvese.com.br\/index.php\/wp-json\/wp\/v2\/pages\/2107\/revisions\/3935"}],"wp:attachment":[{"href":"https:\/\/malvese.com.br\/index.php\/wp-json\/wp\/v2\/media?parent=2107"}],"curies":[{"name":"wp","href":"https:\/\/api.w.org\/{rel}","templated":true}]}}