{"id":2130,"date":"2024-02-05T18:17:59","date_gmt":"2024-02-05T21:17:59","guid":{"rendered":"https:\/\/malvese.com.br\/?page_id=2130"},"modified":"2024-07-26T21:12:51","modified_gmt":"2024-07-27T00:12:51","slug":"inventario-e-direito-de-sucessoes","status":"publish","type":"page","link":"https:\/\/malvese.com.br\/index.php\/inventario-e-direito-de-sucessoes\/","title":{"rendered":"Invent\u00e1rio e Direito de Sucess\u00f5es"},"content":{"rendered":"\t\t<div data-elementor-type=\"wp-page\" data-elementor-id=\"2130\" class=\"elementor elementor-2130\" data-elementor-post-type=\"page\">\n\t\t\t\t<div class=\"elementor-element elementor-element-5e5cd10e e-flex e-con-boxed e-con e-parent\" data-id=\"5e5cd10e\" data-element_type=\"container\">\n\t\t\t\t\t<div class=\"e-con-inner\">\n\t\t\t\t<div class=\"elementor-element elementor-element-56d529e4 elementor-widget elementor-widget-image\" data-id=\"56d529e4\" data-element_type=\"widget\" data-widget_type=\"image.default\">\n\t\t\t\t<div class=\"elementor-widget-container\">\n\t\t\t\t\t\t\t\t\t\t\t\t\t\t\t<img decoding=\"async\" width=\"150\" height=\"150\" src=\"https:\/\/malvese.com.br\/wp-content\/uploads\/2024\/01\/box-150x150.png\" class=\"attachment-thumbnail size-thumbnail wp-image-1043\" alt=\"\" srcset=\"https:\/\/malvese.com.br\/wp-content\/uploads\/2024\/01\/box-150x150.png 150w, https:\/\/malvese.com.br\/wp-content\/uploads\/2024\/01\/box-300x300.png 300w, https:\/\/malvese.com.br\/wp-content\/uploads\/2024\/01\/box.png 512w\" sizes=\"(max-width: 150px) 100vw, 150px\" \/>\t\t\t\t\t\t\t\t\t\t\t\t\t\t\t<\/div>\n\t\t\t\t<\/div>\n\t\t\t\t\t<\/div>\n\t\t\t\t<\/div>\n\t\t<div class=\"elementor-element elementor-element-43d80b5b e-flex e-con-boxed e-con e-parent\" data-id=\"43d80b5b\" data-element_type=\"container\">\n\t\t\t\t\t<div class=\"e-con-inner\">\n\t\t<div class=\"elementor-element elementor-element-14e95974 e-con-full e-flex e-con e-child\" data-id=\"14e95974\" data-element_type=\"container\">\n\t\t<div class=\"elementor-element elementor-element-2dd00320 elementor-hidden-mobile e-flex e-con-boxed e-con e-child\" data-id=\"2dd00320\" data-element_type=\"container\">\n\t\t\t\t\t<div class=\"e-con-inner\">\n\t\t\t\t<div class=\"elementor-element elementor-element-568fc8ac elementor-widget elementor-widget-heading\" data-id=\"568fc8ac\" data-element_type=\"widget\" data-widget_type=\"heading.default\">\n\t\t\t\t<div class=\"elementor-widget-container\">\n\t\t\t\t\t<h1 class=\"elementor-heading-title elementor-size-default\">Outros servi\u00e7os<\/h1>\t\t\t\t<\/div>\n\t\t\t\t<\/div>\n\t\t\t\t<div class=\"elementor-element elementor-element-3d76a655 elementor-icon-list--layout-traditional elementor-list-item-link-full_width elementor-widget elementor-widget-icon-list\" data-id=\"3d76a655\" data-element_type=\"widget\" data-widget_type=\"icon-list.default\">\n\t\t\t\t<div class=\"elementor-widget-container\">\n\t\t\t\t\t\t\t<ul class=\"elementor-icon-list-items\">\n\t\t\t\t\t\t\t<li class=\"elementor-icon-list-item\">\n\t\t\t\t\t\t\t\t\t\t\t<a href=\"https:\/\/malvese.com.br\/index.php\/direito-patrimonial-e-gestao-de-patrimonio\/\">\n\n\t\t\t\t\t\t\t\t\t\t\t<span class=\"elementor-icon-list-text\">Direito patrimonial e Gest\u00e3o de patrim\u00f4nio<\/span>\n\t\t\t\t\t\t\t\t\t\t\t<\/a>\n\t\t\t\t\t\t\t\t\t<\/li>\n\t\t\t\t\t\t\t\t<li class=\"elementor-icon-list-item\">\n\t\t\t\t\t\t\t\t\t\t\t<a href=\"https:\/\/malvese.com.br\/index.php\/holding-familiar\/\">\n\n\t\t\t\t\t\t\t\t\t\t\t<span class=\"elementor-icon-list-text\">Holdings<\/span>\n\t\t\t\t\t\t\t\t\t\t\t<\/a>\n\t\t\t\t\t\t\t\t\t<\/li>\n\t\t\t\t\t\t\t\t<li class=\"elementor-icon-list-item\">\n\t\t\t\t\t\t\t\t\t\t\t<a href=\"https:\/\/malvese.com.br\/index.php\/casos-trabalhistas\/\">\n\n\t\t\t\t\t\t\t\t\t\t\t<span class=\"elementor-icon-list-text\">Casos Trabalhistas<\/span>\n\t\t\t\t\t\t\t\t\t\t\t<\/a>\n\t\t\t\t\t\t\t\t\t<\/li>\n\t\t\t\t\t\t\t\t<li class=\"elementor-icon-list-item\">\n\t\t\t\t\t\t\t\t\t\t\t<a href=\"https:\/\/malvese.com.br\/index.php\/regime-de-bens-e-pactos-antenupciais\/\">\n\n\t\t\t\t\t\t\t\t\t\t\t<span class=\"elementor-icon-list-text\">Regime de bens e Pacto antenupcial<\/span>\n\t\t\t\t\t\t\t\t\t\t\t<\/a>\n\t\t\t\t\t\t\t\t\t<\/li>\n\t\t\t\t\t\t\t\t<li class=\"elementor-icon-list-item\">\n\t\t\t\t\t\t\t\t\t\t\t<a href=\"https:\/\/malvese.com.br\/index.php\/empresas-em-diversos-ramos\/\">\n\n\t\t\t\t\t\t\t\t\t\t\t<span class=\"elementor-icon-list-text\">Empresas em diversos ramos<\/span>\n\t\t\t\t\t\t\t\t\t\t\t<\/a>\n\t\t\t\t\t\t\t\t\t<\/li>\n\t\t\t\t\t\t<\/ul>\n\t\t\t\t\t\t<\/div>\n\t\t\t\t<\/div>\n\t\t\t\t\t<\/div>\n\t\t\t\t<\/div>\n\t\t\t\t<\/div>\n\t\t<div class=\"elementor-element elementor-element-580dc53e e-con-full e-flex e-con e-child\" data-id=\"580dc53e\" data-element_type=\"container\">\n\t\t\t\t<div class=\"elementor-element elementor-element-2bd1b4c2 elementor-view-default elementor-widget elementor-widget-icon\" data-id=\"2bd1b4c2\" data-element_type=\"widget\" data-widget_type=\"icon.default\">\n\t\t\t\t<div class=\"elementor-widget-container\">\n\t\t\t\t\t\t\t<div class=\"elementor-icon-wrapper\">\n\t\t\t<div class=\"elementor-icon\">\n\t\t\t<svg aria-hidden=\"true\" class=\"e-font-icon-svg e-fas-box\" viewBox=\"0 0 512 512\" xmlns=\"http:\/\/www.w3.org\/2000\/svg\"><path d=\"M509.5 184.6L458.9 32.8C452.4 13.2 434.1 0 413.4 0H272v192h238.7c-.4-2.5-.4-5-1.2-7.4zM240 0H98.6c-20.7 0-39 13.2-45.5 32.8L2.5 184.6c-.8 2.4-.8 4.9-1.2 7.4H240V0zM0 224v240c0 26.5 21.5 48 48 48h416c26.5 0 48-21.5 48-48V224H0z\"><\/path><\/svg>\t\t\t<\/div>\n\t\t<\/div>\n\t\t\t\t\t\t<\/div>\n\t\t\t\t<\/div>\n\t\t\t\t<div class=\"elementor-element elementor-element-6924b6a8 elementor-widget elementor-widget-heading\" data-id=\"6924b6a8\" data-element_type=\"widget\" data-widget_type=\"heading.default\">\n\t\t\t\t<div class=\"elementor-widget-container\">\n\t\t\t\t\t<h1 class=\"elementor-heading-title elementor-size-default\">Invent\u00e1rio e Direito de Sucess\u00f5es<\/h1>\t\t\t\t<\/div>\n\t\t\t\t<\/div>\n\t\t\t\t<div class=\"elementor-element elementor-element-9478e08 elementor-widget elementor-widget-text-editor\" data-id=\"9478e08\" data-element_type=\"widget\" data-widget_type=\"text-editor.default\">\n\t\t\t\t<div class=\"elementor-widget-container\">\n\t\t\t\t\t\t\t\t\t<p>Na Malvese Advogados, reconhecemos a delicadeza e a import\u00e2ncia dos processos de invent\u00e1rio e quest\u00f5es sucess\u00f3rias. Com uma equipe altamente qualificada em Direito Civil, Fam\u00edlia, Tribut\u00e1rio e Imobili\u00e1rio, nos dedicamos a oferecer uma assist\u00eancia abrangente e humanizada em momentos que s\u00e3o, muitas vezes, desafiadores.<\/p><p>Compromisso com a Justi\u00e7a e a Transpar\u00eancia<br \/>Nosso foco est\u00e1 em garantir uma distribui\u00e7\u00e3o justa e equitativa dos bens entre os herdeiros, respeitando as vontades do falecido e as leis vigentes. Entendemos a complexidade emocional e legal desses momentos, e por isso, nos comprometemos a proporcionar um processo claro, transparente e sereno para todas as partes envolvidas.<\/p><p>Resolu\u00e7\u00e3o Eficiente de Complica\u00e7\u00f5es Fiscais<br \/>As quest\u00f5es fiscais que emergem durante o processo de invent\u00e1rio podem ser intrincadas e exigem um conhecimento especializado. Nossa equipe est\u00e1 preparada para lidar com essas complica\u00e7\u00f5es, buscando solu\u00e7\u00f5es que protejam os interesses dos nossos clientes e garantam o cumprimento das obriga\u00e7\u00f5es tribut\u00e1rias de forma eficiente.<\/p><p>Tratamento Cuidadoso de Bens e Propriedades<br \/>Entendemos a import\u00e2ncia de cada item do patrim\u00f4nio no processo de invent\u00e1rio. Seja um bem imobili\u00e1rio, investimentos financeiros ou itens de valor sentimental, cada elemento \u00e9 tratado com o m\u00e1ximo cuidado e aten\u00e7\u00e3o, assegurando que todos os aspectos do patrim\u00f4nio sejam devidamente considerados e administrados.<\/p><p>Nossa Abordagem<br \/>Na Malvese Advogados, cada caso \u00e9 \u00fanico. Trabalhamos de forma personalizada, entendendo profundamente as circunst\u00e2ncias de cada fam\u00edlia, para assegurar que as solu\u00e7\u00f5es propostas sejam as mais adequadas para suas necessidades espec\u00edficas. Nosso objetivo \u00e9 tornar o processo de invent\u00e1rio o mais tranquilo poss\u00edvel, permitindo que voc\u00ea e sua fam\u00edlia possam se concentrar no que \u00e9 mais importante.<\/p>\t\t\t\t\t\t\t\t<\/div>\n\t\t\t\t<\/div>\n\t\t\t\t<div class=\"elementor-element elementor-element-43a77c75 elementor-align-left elementor-widget elementor-widget-button\" data-id=\"43a77c75\" data-element_type=\"widget\" data-widget_type=\"button.default\">\n\t\t\t\t<div class=\"elementor-widget-container\">\n\t\t\t\t\t\t\t\t\t<div class=\"elementor-button-wrapper\">\n\t\t\t\t\t<a class=\"elementor-button elementor-button-link elementor-size-sm\" href=\"https:\/\/api.whatsapp.com\/send?phone=5511911296084&#038;text=Ol%C3%A1!%20Cheguei%20atrav%C3%A9s%20do%20site.%20Gostaria%20de%20agendar%20uma%20consulta.%20\" target=\"_blank\">\n\t\t\t\t\t\t<span class=\"elementor-button-content-wrapper\">\n\t\t\t\t\t\t\t\t\t<span class=\"elementor-button-text\">Agende uma consulta<\/span>\n\t\t\t\t\t<\/span>\n\t\t\t\t\t<\/a>\n\t\t\t\t<\/div>\n\t\t\t\t\t\t\t\t<\/div>\n\t\t\t\t<\/div>\n\t\t<div class=\"elementor-element elementor-element-618f8338 elementor-hidden-desktop elementor-hidden-tablet e-flex e-con-boxed e-con e-child\" data-id=\"618f8338\" data-element_type=\"container\">\n\t\t\t\t\t<div class=\"e-con-inner\">\n\t\t\t\t<div class=\"elementor-element elementor-element-1e5c9a4c elementor-widget elementor-widget-heading\" data-id=\"1e5c9a4c\" data-element_type=\"widget\" data-widget_type=\"heading.default\">\n\t\t\t\t<div class=\"elementor-widget-container\">\n\t\t\t\t\t<h3 class=\"elementor-heading-title elementor-size-default\">Outros servi\u00e7os<\/h3>\t\t\t\t<\/div>\n\t\t\t\t<\/div>\n\t\t\t\t<div class=\"elementor-element elementor-element-6e6f929 elementor-icon-list--layout-traditional elementor-list-item-link-full_width elementor-widget elementor-widget-icon-list\" data-id=\"6e6f929\" data-element_type=\"widget\" data-widget_type=\"icon-list.default\">\n\t\t\t\t<div class=\"elementor-widget-container\">\n\t\t\t\t\t\t\t<ul class=\"elementor-icon-list-items\">\n\t\t\t\t\t\t\t<li class=\"elementor-icon-list-item\">\n\t\t\t\t\t\t\t\t\t\t\t<a href=\"https:\/\/malvese.com.br\/index.php\/direito-patrimonial-e-gestao-de-patrimonio\/\">\n\n\t\t\t\t\t\t\t\t\t\t\t<span class=\"elementor-icon-list-text\">Direito patrimonial e Gest\u00e3o de patrim\u00f4nio<\/span>\n\t\t\t\t\t\t\t\t\t\t\t<\/a>\n\t\t\t\t\t\t\t\t\t<\/li>\n\t\t\t\t\t\t\t\t<li class=\"elementor-icon-list-item\">\n\t\t\t\t\t\t\t\t\t\t\t<a href=\"https:\/\/malvese.com.br\/index.php\/holding-familiar\/\">\n\n\t\t\t\t\t\t\t\t\t\t\t<span class=\"elementor-icon-list-text\">Holdings<\/span>\n\t\t\t\t\t\t\t\t\t\t\t<\/a>\n\t\t\t\t\t\t\t\t\t<\/li>\n\t\t\t\t\t\t\t\t<li class=\"elementor-icon-list-item\">\n\t\t\t\t\t\t\t\t\t\t\t<a href=\"https:\/\/malvese.com.br\/index.php\/casos-trabalhistas\/\">\n\n\t\t\t\t\t\t\t\t\t\t\t<span class=\"elementor-icon-list-text\">Casos Trabalhistas<\/span>\n\t\t\t\t\t\t\t\t\t\t\t<\/a>\n\t\t\t\t\t\t\t\t\t<\/li>\n\t\t\t\t\t\t\t\t<li class=\"elementor-icon-list-item\">\n\t\t\t\t\t\t\t\t\t\t\t<a href=\"https:\/\/malvese.com.br\/index.php\/regime-de-bens-e-pactos-antenupciais\/\">\n\n\t\t\t\t\t\t\t\t\t\t\t<span class=\"elementor-icon-list-text\">Regime de bens e Pacto antenupcial<\/span>\n\t\t\t\t\t\t\t\t\t\t\t<\/a>\n\t\t\t\t\t\t\t\t\t<\/li>\n\t\t\t\t\t\t\t\t<li class=\"elementor-icon-list-item\">\n\t\t\t\t\t\t\t\t\t\t\t<a href=\"https:\/\/malvese.com.br\/index.php\/empresas-em-diversos-ramos\/\">\n\n\t\t\t\t\t\t\t\t\t\t\t<span class=\"elementor-icon-list-text\">Empresas em diversos ramos<\/span>\n\t\t\t\t\t\t\t\t\t\t\t<\/a>\n\t\t\t\t\t\t\t\t\t<\/li>\n\t\t\t\t\t\t<\/ul>\n\t\t\t\t\t\t<\/div>\n\t\t\t\t<\/div>\n\t\t\t\t\t<\/div>\n\t\t\t\t<\/div>\n\t\t\t\t<\/div>\n\t\t\t\t\t<\/div>\n\t\t\t\t<\/div>\n\t\t\t\t<\/div>\n\t\t","protected":false},"excerpt":{"rendered":"<p>Outros servi\u00e7os Direito patrimonial e Gest\u00e3o de patrim\u00f4nio Holdings Casos Trabalhistas Regime de bens e Pacto antenupcial Empresas em diversos ramos Invent\u00e1rio e Direito de Sucess\u00f5es Na Malvese Advogados, reconhecemos a delicadeza e a import\u00e2ncia dos processos de invent\u00e1rio e quest\u00f5es sucess\u00f3rias. Com uma equipe altamente qualificada em Direito Civil, Fam\u00edlia, Tribut\u00e1rio e Imobili\u00e1rio, nos [&hellip;]<\/p>\n","protected":false},"author":1,"featured_media":0,"parent":0,"menu_order":0,"comment_status":"closed","ping_status":"closed","template":"","meta":{"om_disable_all_campaigns":false,"_uf_show_specific_survey":0,"_uf_disable_surveys":false,"_joinchat":[],"footnotes":""},"class_list":["post-2130","page","type-page","status-publish","hentry"],"aioseo_notices":[],"_links":{"self":[{"href":"https:\/\/malvese.com.br\/index.php\/wp-json\/wp\/v2\/pages\/2130","targetHints":{"allow":["GET"]}}],"collection":[{"href":"https:\/\/malvese.com.br\/index.php\/wp-json\/wp\/v2\/pages"}],"about":[{"href":"https:\/\/malvese.com.br\/index.php\/wp-json\/wp\/v2\/types\/page"}],"author":[{"embeddable":true,"href":"https:\/\/malvese.com.br\/index.php\/wp-json\/wp\/v2\/users\/1"}],"replies":[{"embeddable":true,"href":"https:\/\/malvese.com.br\/index.php\/wp-json\/wp\/v2\/comments?post=2130"}],"version-history":[{"count":43,"href":"https:\/\/malvese.com.br\/index.php\/wp-json\/wp\/v2\/pages\/2130\/revisions"}],"predecessor-version":[{"id":3921,"href":"https:\/\/malvese.com.br\/index.php\/wp-json\/wp\/v2\/pages\/2130\/revisions\/3921"}],"wp:attachment":[{"href":"https:\/\/malvese.com.br\/index.php\/wp-json\/wp\/v2\/media?parent=2130"}],"curies":[{"name":"wp","href":"https:\/\/api.w.org\/{rel}","templated":true}]}}