{"id":2150,"date":"2024-02-05T18:20:05","date_gmt":"2024-02-05T21:20:05","guid":{"rendered":"https:\/\/malvese.com.br\/?page_id=2150"},"modified":"2024-07-26T21:13:16","modified_gmt":"2024-07-27T00:13:16","slug":"holding-familiar","status":"publish","type":"page","link":"https:\/\/malvese.com.br\/index.php\/holding-familiar\/","title":{"rendered":"Holding Familiar"},"content":{"rendered":"\t\t<div data-elementor-type=\"wp-page\" data-elementor-id=\"2150\" class=\"elementor elementor-2150\" data-elementor-post-type=\"page\">\n\t\t\t\t<div class=\"elementor-element elementor-element-2a4729a0 e-flex e-con-boxed e-con e-parent\" data-id=\"2a4729a0\" data-element_type=\"container\">\n\t\t\t\t\t<div class=\"e-con-inner\">\n\t\t\t\t<div class=\"elementor-element elementor-element-50d7c160 elementor-widget elementor-widget-image\" data-id=\"50d7c160\" data-element_type=\"widget\" data-widget_type=\"image.default\">\n\t\t\t\t<div class=\"elementor-widget-container\">\n\t\t\t\t\t\t\t\t\t\t\t\t\t\t\t<img decoding=\"async\" width=\"150\" height=\"150\" src=\"https:\/\/malvese.com.br\/wp-content\/uploads\/2024\/01\/home-150x150.png\" class=\"attachment-thumbnail size-thumbnail wp-image-1045\" alt=\"\" srcset=\"https:\/\/malvese.com.br\/wp-content\/uploads\/2024\/01\/home-150x150.png 150w, https:\/\/malvese.com.br\/wp-content\/uploads\/2024\/01\/home-300x300.png 300w, https:\/\/malvese.com.br\/wp-content\/uploads\/2024\/01\/home.png 512w\" sizes=\"(max-width: 150px) 100vw, 150px\" \/>\t\t\t\t\t\t\t\t\t\t\t\t\t\t\t<\/div>\n\t\t\t\t<\/div>\n\t\t\t\t\t<\/div>\n\t\t\t\t<\/div>\n\t\t<div class=\"elementor-element elementor-element-39eaaba0 e-flex e-con-boxed e-con e-parent\" data-id=\"39eaaba0\" data-element_type=\"container\">\n\t\t\t\t\t<div class=\"e-con-inner\">\n\t\t<div class=\"elementor-element elementor-element-2bf2e3d0 e-con-full e-flex e-con e-child\" data-id=\"2bf2e3d0\" data-element_type=\"container\">\n\t\t<div class=\"elementor-element elementor-element-6ca04975 elementor-hidden-mobile e-flex e-con-boxed e-con e-child\" data-id=\"6ca04975\" data-element_type=\"container\">\n\t\t\t\t\t<div class=\"e-con-inner\">\n\t\t\t\t<div class=\"elementor-element elementor-element-7135181c elementor-widget elementor-widget-heading\" data-id=\"7135181c\" data-element_type=\"widget\" data-widget_type=\"heading.default\">\n\t\t\t\t<div class=\"elementor-widget-container\">\n\t\t\t\t\t<h3 class=\"elementor-heading-title elementor-size-default\">Outros servi\u00e7os<\/h3>\t\t\t\t<\/div>\n\t\t\t\t<\/div>\n\t\t\t\t<div class=\"elementor-element elementor-element-610811ba elementor-icon-list--layout-traditional elementor-list-item-link-full_width elementor-widget elementor-widget-icon-list\" data-id=\"610811ba\" data-element_type=\"widget\" data-widget_type=\"icon-list.default\">\n\t\t\t\t<div class=\"elementor-widget-container\">\n\t\t\t\t\t\t\t<ul class=\"elementor-icon-list-items\">\n\t\t\t\t\t\t\t<li class=\"elementor-icon-list-item\">\n\t\t\t\t\t\t\t\t\t\t\t<a href=\"https:\/\/malvese.com.br\/index.php\/direito-patrimonial-e-gestao-de-patrimonio\/\">\n\n\t\t\t\t\t\t\t\t\t\t\t<span class=\"elementor-icon-list-text\">Direito patrimonial e Gest\u00e3o de patrim\u00f4nio<\/span>\n\t\t\t\t\t\t\t\t\t\t\t<\/a>\n\t\t\t\t\t\t\t\t\t<\/li>\n\t\t\t\t\t\t\t\t<li class=\"elementor-icon-list-item\">\n\t\t\t\t\t\t\t\t\t\t\t<a href=\"https:\/\/malvese.com.br\/index.php\/casos-trabalhistas\/\">\n\n\t\t\t\t\t\t\t\t\t\t\t<span class=\"elementor-icon-list-text\">Casos Trabalhistas<\/span>\n\t\t\t\t\t\t\t\t\t\t\t<\/a>\n\t\t\t\t\t\t\t\t\t<\/li>\n\t\t\t\t\t\t\t\t<li class=\"elementor-icon-list-item\">\n\t\t\t\t\t\t\t\t\t\t\t<a href=\"https:\/\/malvese.com.br\/index.php\/inventario-e-direito-de-sucessoes\/\">\n\n\t\t\t\t\t\t\t\t\t\t\t<span class=\"elementor-icon-list-text\">Invent\u00e1rio e Direito de sucess\u00f5es<\/span>\n\t\t\t\t\t\t\t\t\t\t\t<\/a>\n\t\t\t\t\t\t\t\t\t<\/li>\n\t\t\t\t\t\t\t\t<li class=\"elementor-icon-list-item\">\n\t\t\t\t\t\t\t\t\t\t\t<a href=\"https:\/\/malvese.com.br\/index.php\/regime-de-bens-e-pactos-antenupciais\/\">\n\n\t\t\t\t\t\t\t\t\t\t\t<span class=\"elementor-icon-list-text\">Regime de bens e Pacto antenupcial<\/span>\n\t\t\t\t\t\t\t\t\t\t\t<\/a>\n\t\t\t\t\t\t\t\t\t<\/li>\n\t\t\t\t\t\t\t\t<li class=\"elementor-icon-list-item\">\n\t\t\t\t\t\t\t\t\t\t\t<a href=\"https:\/\/malvese.com.br\/index.php\/empresas-em-diversos-ramos\/\">\n\n\t\t\t\t\t\t\t\t\t\t\t<span class=\"elementor-icon-list-text\">Empresas em diversos ramos<\/span>\n\t\t\t\t\t\t\t\t\t\t\t<\/a>\n\t\t\t\t\t\t\t\t\t<\/li>\n\t\t\t\t\t\t<\/ul>\n\t\t\t\t\t\t<\/div>\n\t\t\t\t<\/div>\n\t\t\t\t\t<\/div>\n\t\t\t\t<\/div>\n\t\t\t\t<\/div>\n\t\t<div class=\"elementor-element elementor-element-465d9303 e-con-full e-flex e-con e-child\" data-id=\"465d9303\" data-element_type=\"container\">\n\t\t\t\t<div class=\"elementor-element elementor-element-77e7a55 elementor-view-default elementor-widget elementor-widget-icon\" data-id=\"77e7a55\" data-element_type=\"widget\" data-widget_type=\"icon.default\">\n\t\t\t\t<div class=\"elementor-widget-container\">\n\t\t\t\t\t\t\t<div class=\"elementor-icon-wrapper\">\n\t\t\t<div class=\"elementor-icon\">\n\t\t\t<svg aria-hidden=\"true\" class=\"e-font-icon-svg e-fas-house-user\" viewBox=\"0 0 576 512\" xmlns=\"http:\/\/www.w3.org\/2000\/svg\"><path d=\"M570.69,236.27,512,184.44V48a16,16,0,0,0-16-16H432a16,16,0,0,0-16,16V99.67L314.78,10.3C308.5,4.61,296.53,0,288,0s-20.46,4.61-26.74,10.3l-256,226A18.27,18.27,0,0,0,0,248.2a18.64,18.64,0,0,0,4.09,10.71L25.5,282.7a21.14,21.14,0,0,0,12,5.3,21.67,21.67,0,0,0,10.69-4.11l15.9-14V480a32,32,0,0,0,32,32H480a32,32,0,0,0,32-32V269.88l15.91,14A21.94,21.94,0,0,0,538.63,288a20.89,20.89,0,0,0,11.87-5.31l21.41-23.81A21.64,21.64,0,0,0,576,248.19,21,21,0,0,0,570.69,236.27ZM288,176a64,64,0,1,1-64,64A64,64,0,0,1,288,176ZM400,448H176a16,16,0,0,1-16-16,96,96,0,0,1,96-96h64a96,96,0,0,1,96,96A16,16,0,0,1,400,448Z\"><\/path><\/svg>\t\t\t<\/div>\n\t\t<\/div>\n\t\t\t\t\t\t<\/div>\n\t\t\t\t<\/div>\n\t\t\t\t<div class=\"elementor-element elementor-element-60d60c68 elementor-widget elementor-widget-heading\" data-id=\"60d60c68\" data-element_type=\"widget\" data-widget_type=\"heading.default\">\n\t\t\t\t<div class=\"elementor-widget-container\">\n\t\t\t\t\t<h1 class=\"elementor-heading-title elementor-size-default\">Holding Familiar<\/h1>\t\t\t\t<\/div>\n\t\t\t\t<\/div>\n\t\t\t\t<div class=\"elementor-element elementor-element-54e6a118 elementor-widget elementor-widget-text-editor\" data-id=\"54e6a118\" data-element_type=\"widget\" data-widget_type=\"text-editor.default\">\n\t\t\t\t<div class=\"elementor-widget-container\">\n\t\t\t\t\t\t\t\t\t<p>Na Malvese Advogados, entendemos a import\u00e2ncia de um planejamento sucess\u00f3rio eficiente e seguro. Com vasta experi\u00eancia e profundo conhecimento jur\u00eddico, oferecemos um servi\u00e7o especializado na cria\u00e7\u00e3o de holdings familiares, uma ferramenta poderosa para a gest\u00e3o e prote\u00e7\u00e3o do seu patrim\u00f4nio.<\/p><p>Por que uma Holding Familiar?<br \/>A holding familiar \u00e9 mais do que uma estrutura corporativa; \u00e9 uma estrat\u00e9gia para assegurar que o legado e os ativos constru\u00eddos ao longo da vida sejam preservados e transferidos de maneira eficiente e harmoniosa \u00e0s gera\u00e7\u00f5es futuras. Em nossa pr\u00e1tica, destacamos os seguintes benef\u00edcios:<\/p><p>Centraliza\u00e7\u00e3o de Gest\u00e3o de Ativos: Simplificamos a complexidade do gerenciamento de diversos ativos, concentrando-os sob uma \u00fanica estrutura corporativa, facilitando o controle e a tomada de decis\u00f5es estrat\u00e9gicas.<\/p><p>Sucess\u00e3o Planejada e Segura: Nossa abordagem na cria\u00e7\u00e3o de holdings familiares visa assegurar uma transfer\u00eancia de patrim\u00f4nio suave e estruturada, respeitando as particularidades de cada fam\u00edlia.<\/p><p>Otimiza\u00e7\u00e3o Fiscal: Atrav\u00e9s de uma estrat\u00e9gia jur\u00eddica s\u00f3lida, buscamos maneiras leg\u00edtimas de otimizar a carga tribut\u00e1ria envolvida na transfer\u00eancia de bens, reduzindo os encargos fiscais sobre heran\u00e7as e doa\u00e7\u00f5es.<\/p><p>Prote\u00e7\u00e3o Patrimonial: Uma holding familiar oferece uma camada adicional de seguran\u00e7a para seus ativos, protegendo-os contra riscos externos e garantindo a estabilidade financeira para as futuras gera\u00e7\u00f5es.<\/p><p>Nossa Abordagem<br \/>Na Malvese Advogados, cada cliente \u00e9 \u00fanico. Nossa abordagem \u00e9 totalmente personalizada, garantindo que a estrutura da holding familiar atenda especificamente aos objetivos e necessidades de sua fam\u00edlia. Trabalhamos em estreita colabora\u00e7\u00e3o com voc\u00ea para entender sua vis\u00e3o de futuro e transform\u00e1-la em realidade, oferecendo:<\/p><p>Consultoria especializada em planejamento sucess\u00f3rio e tribut\u00e1rio.<br \/>An\u00e1lise detalhada do patrim\u00f4nio e identifica\u00e7\u00e3o da melhor estrutura de holding.<br \/>Assist\u00eancia na gest\u00e3o e transfer\u00eancia de ativos.<br \/>Elabora\u00e7\u00e3o e revis\u00e3o de documentos legais com precis\u00e3o e clareza.<br \/>Suporte cont\u00ednuo para garantir a conformidade e a efic\u00e1cia da holding ao longo do tempo.<br \/>Compromisso com a Excel\u00eancia<br \/>Na Malvese Advogados, nosso compromisso \u00e9 com a excel\u00eancia e a satisfa\u00e7\u00e3o total de nossos clientes. Nosso time de especialistas est\u00e1 pronto para auxili\u00e1-lo na cria\u00e7\u00e3o de uma holding familiar que garanta a prote\u00e7\u00e3o e a prosperidade do seu patrim\u00f4nio por gera\u00e7\u00f5es.<\/p><p>Contate-nos hoje mesmo para iniciar a jornada de prote\u00e7\u00e3o do seu legado. Malvese Advogados, onde o futuro do seu patrim\u00f4nio \u00e9 constru\u00eddo com seguran\u00e7a e expertise.<\/p><p>\u00a0<\/p>\t\t\t\t\t\t\t\t<\/div>\n\t\t\t\t<\/div>\n\t\t\t\t<div class=\"elementor-element elementor-element-2fee156d elementor-align-left elementor-widget elementor-widget-button\" data-id=\"2fee156d\" data-element_type=\"widget\" data-widget_type=\"button.default\">\n\t\t\t\t<div class=\"elementor-widget-container\">\n\t\t\t\t\t\t\t\t\t<div class=\"elementor-button-wrapper\">\n\t\t\t\t\t<a class=\"elementor-button elementor-button-link elementor-size-sm\" href=\"https:\/\/api.whatsapp.com\/send?phone=5511911296084&#038;text=Ol%C3%A1!%20Cheguei%20atrav%C3%A9s%20do%20site.%20Gostaria%20de%20agendar%20uma%20consulta.%20\" target=\"_blank\">\n\t\t\t\t\t\t<span class=\"elementor-button-content-wrapper\">\n\t\t\t\t\t\t\t\t\t<span class=\"elementor-button-text\">Agende uma consulta<\/span>\n\t\t\t\t\t<\/span>\n\t\t\t\t\t<\/a>\n\t\t\t\t<\/div>\n\t\t\t\t\t\t\t\t<\/div>\n\t\t\t\t<\/div>\n\t\t<div class=\"elementor-element elementor-element-4a7e580d elementor-hidden-desktop elementor-hidden-tablet e-flex e-con-boxed e-con e-child\" data-id=\"4a7e580d\" data-element_type=\"container\">\n\t\t\t\t\t<div class=\"e-con-inner\">\n\t\t\t\t<div class=\"elementor-element elementor-element-21b06659 elementor-widget elementor-widget-heading\" data-id=\"21b06659\" data-element_type=\"widget\" data-widget_type=\"heading.default\">\n\t\t\t\t<div class=\"elementor-widget-container\">\n\t\t\t\t\t<h3 class=\"elementor-heading-title elementor-size-default\">Outros servi\u00e7os<\/h3>\t\t\t\t<\/div>\n\t\t\t\t<\/div>\n\t\t\t\t<div class=\"elementor-element elementor-element-20b1957 elementor-icon-list--layout-traditional elementor-list-item-link-full_width elementor-widget elementor-widget-icon-list\" data-id=\"20b1957\" data-element_type=\"widget\" data-widget_type=\"icon-list.default\">\n\t\t\t\t<div class=\"elementor-widget-container\">\n\t\t\t\t\t\t\t<ul class=\"elementor-icon-list-items\">\n\t\t\t\t\t\t\t<li class=\"elementor-icon-list-item\">\n\t\t\t\t\t\t\t\t\t\t\t<a href=\"https:\/\/malvese.com.br\/index.php\/direito-patrimonial-e-gestao-de-patrimonio\/\">\n\n\t\t\t\t\t\t\t\t\t\t\t<span class=\"elementor-icon-list-text\">Direito patrimonial e Gest\u00e3o de patrim\u00f4nio<\/span>\n\t\t\t\t\t\t\t\t\t\t\t<\/a>\n\t\t\t\t\t\t\t\t\t<\/li>\n\t\t\t\t\t\t\t\t<li class=\"elementor-icon-list-item\">\n\t\t\t\t\t\t\t\t\t\t\t<a href=\"https:\/\/malvese.com.br\/index.php\/casos-trabalhistas\/\">\n\n\t\t\t\t\t\t\t\t\t\t\t<span class=\"elementor-icon-list-text\">Casos Trabalhistas<\/span>\n\t\t\t\t\t\t\t\t\t\t\t<\/a>\n\t\t\t\t\t\t\t\t\t<\/li>\n\t\t\t\t\t\t\t\t<li class=\"elementor-icon-list-item\">\n\t\t\t\t\t\t\t\t\t\t\t<a href=\"https:\/\/malvese.com.br\/index.php\/inventario-e-direito-de-sucessoes\/\">\n\n\t\t\t\t\t\t\t\t\t\t\t<span class=\"elementor-icon-list-text\">Invent\u00e1rio e Direito de sucess\u00f5es<\/span>\n\t\t\t\t\t\t\t\t\t\t\t<\/a>\n\t\t\t\t\t\t\t\t\t<\/li>\n\t\t\t\t\t\t\t\t<li class=\"elementor-icon-list-item\">\n\t\t\t\t\t\t\t\t\t\t\t<a href=\"https:\/\/malvese.com.br\/index.php\/regime-de-bens-e-pactos-antenupciais\/\">\n\n\t\t\t\t\t\t\t\t\t\t\t<span class=\"elementor-icon-list-text\">Regime de bens e Pacto antenupcial<\/span>\n\t\t\t\t\t\t\t\t\t\t\t<\/a>\n\t\t\t\t\t\t\t\t\t<\/li>\n\t\t\t\t\t\t\t\t<li class=\"elementor-icon-list-item\">\n\t\t\t\t\t\t\t\t\t\t\t<a href=\"https:\/\/malvese.com.br\/index.php\/empresas-em-diversos-ramos\/\">\n\n\t\t\t\t\t\t\t\t\t\t\t<span class=\"elementor-icon-list-text\">Empresas em diversos ramos<\/span>\n\t\t\t\t\t\t\t\t\t\t\t<\/a>\n\t\t\t\t\t\t\t\t\t<\/li>\n\t\t\t\t\t\t<\/ul>\n\t\t\t\t\t\t<\/div>\n\t\t\t\t<\/div>\n\t\t\t\t\t<\/div>\n\t\t\t\t<\/div>\n\t\t\t\t<\/div>\n\t\t\t\t\t<\/div>\n\t\t\t\t<\/div>\n\t\t\t\t<\/div>\n\t\t","protected":false},"excerpt":{"rendered":"<p>Outros servi\u00e7os Direito patrimonial e Gest\u00e3o de patrim\u00f4nio Casos Trabalhistas Invent\u00e1rio e Direito de sucess\u00f5es Regime de bens e Pacto antenupcial Empresas em diversos ramos Holding Familiar Na Malvese Advogados, entendemos a import\u00e2ncia de um planejamento sucess\u00f3rio eficiente e seguro. Com vasta experi\u00eancia e profundo conhecimento jur\u00eddico, oferecemos um servi\u00e7o especializado na cria\u00e7\u00e3o de holdings [&hellip;]<\/p>\n","protected":false},"author":1,"featured_media":0,"parent":0,"menu_order":0,"comment_status":"closed","ping_status":"closed","template":"","meta":{"om_disable_all_campaigns":false,"_uf_show_specific_survey":0,"_uf_disable_surveys":false,"_joinchat":[],"footnotes":""},"class_list":["post-2150","page","type-page","status-publish","hentry"],"aioseo_notices":[],"_links":{"self":[{"href":"https:\/\/malvese.com.br\/index.php\/wp-json\/wp\/v2\/pages\/2150","targetHints":{"allow":["GET"]}}],"collection":[{"href":"https:\/\/malvese.com.br\/index.php\/wp-json\/wp\/v2\/pages"}],"about":[{"href":"https:\/\/malvese.com.br\/index.php\/wp-json\/wp\/v2\/types\/page"}],"author":[{"embeddable":true,"href":"https:\/\/malvese.com.br\/index.php\/wp-json\/wp\/v2\/users\/1"}],"replies":[{"embeddable":true,"href":"https:\/\/malvese.com.br\/index.php\/wp-json\/wp\/v2\/comments?post=2150"}],"version-history":[{"count":37,"href":"https:\/\/malvese.com.br\/index.php\/wp-json\/wp\/v2\/pages\/2150\/revisions"}],"predecessor-version":[{"id":3924,"href":"https:\/\/malvese.com.br\/index.php\/wp-json\/wp\/v2\/pages\/2150\/revisions\/3924"}],"wp:attachment":[{"href":"https:\/\/malvese.com.br\/index.php\/wp-json\/wp\/v2\/media?parent=2150"}],"curies":[{"name":"wp","href":"https:\/\/api.w.org\/{rel}","templated":true}]}}