{"id":2168,"date":"2024-02-05T18:22:23","date_gmt":"2024-02-05T21:22:23","guid":{"rendered":"https:\/\/malvese.com.br\/?page_id=2168"},"modified":"2024-07-26T21:11:39","modified_gmt":"2024-07-27T00:11:39","slug":"direito-patrimonial-e-gestao-de-patrimonio","status":"publish","type":"page","link":"https:\/\/malvese.com.br\/index.php\/direito-patrimonial-e-gestao-de-patrimonio\/","title":{"rendered":"Direito Patrimonial e Gest\u00e3o de Patrim\u00f4nio"},"content":{"rendered":"\t\t<div data-elementor-type=\"wp-page\" data-elementor-id=\"2168\" class=\"elementor elementor-2168\" data-elementor-post-type=\"page\">\n\t\t\t\t<div class=\"elementor-element elementor-element-39b1b4c4 e-flex e-con-boxed e-con e-parent\" data-id=\"39b1b4c4\" data-element_type=\"container\">\n\t\t\t\t\t<div class=\"e-con-inner\">\n\t\t\t\t<div class=\"elementor-element elementor-element-7904f394 elementor-widget elementor-widget-image\" data-id=\"7904f394\" data-element_type=\"widget\" data-widget_type=\"image.default\">\n\t\t\t\t<div class=\"elementor-widget-container\">\n\t\t\t\t\t\t\t\t\t\t\t\t\t\t\t<img decoding=\"async\" width=\"150\" height=\"150\" src=\"https:\/\/malvese.com.br\/wp-content\/uploads\/2024\/01\/group-150x150.png\" class=\"attachment-thumbnail size-thumbnail wp-image-991\" alt=\"\" srcset=\"https:\/\/malvese.com.br\/wp-content\/uploads\/2024\/01\/group-150x150.png 150w, https:\/\/malvese.com.br\/wp-content\/uploads\/2024\/01\/group-300x300.png 300w, https:\/\/malvese.com.br\/wp-content\/uploads\/2024\/01\/elementor\/thumbs\/group-qid87md7zawz2m8hwfk9d346dbc916vl90eh8hmy3k.png 80w, https:\/\/malvese.com.br\/wp-content\/uploads\/2024\/01\/group.png 512w\" sizes=\"(max-width: 150px) 100vw, 150px\" \/>\t\t\t\t\t\t\t\t\t\t\t\t\t\t\t<\/div>\n\t\t\t\t<\/div>\n\t\t\t\t\t<\/div>\n\t\t\t\t<\/div>\n\t\t<div class=\"elementor-element elementor-element-47767cfe e-flex e-con-boxed e-con e-parent\" data-id=\"47767cfe\" data-element_type=\"container\">\n\t\t\t\t\t<div class=\"e-con-inner\">\n\t\t<div class=\"elementor-element elementor-element-7555c1d1 e-con-full e-flex e-con e-child\" data-id=\"7555c1d1\" data-element_type=\"container\">\n\t\t<div class=\"elementor-element elementor-element-6e3c91a4 elementor-hidden-mobile e-flex e-con-boxed e-con e-child\" data-id=\"6e3c91a4\" data-element_type=\"container\">\n\t\t\t\t\t<div class=\"e-con-inner\">\n\t\t\t\t<div class=\"elementor-element elementor-element-175030a7 elementor-widget elementor-widget-heading\" data-id=\"175030a7\" data-element_type=\"widget\" data-widget_type=\"heading.default\">\n\t\t\t\t<div class=\"elementor-widget-container\">\n\t\t\t\t\t<h3 class=\"elementor-heading-title elementor-size-default\">Outros servi\u00e7os<\/h3>\t\t\t\t<\/div>\n\t\t\t\t<\/div>\n\t\t\t\t<div class=\"elementor-element elementor-element-7b47befb elementor-icon-list--layout-traditional elementor-list-item-link-full_width elementor-widget elementor-widget-icon-list\" data-id=\"7b47befb\" data-element_type=\"widget\" data-widget_type=\"icon-list.default\">\n\t\t\t\t<div class=\"elementor-widget-container\">\n\t\t\t\t\t\t\t<ul class=\"elementor-icon-list-items\">\n\t\t\t\t\t\t\t<li class=\"elementor-icon-list-item\">\n\t\t\t\t\t\t\t\t\t\t\t<a href=\"https:\/\/malvese.com.br\/index.php\/casos-trabalhistas\/\">\n\n\t\t\t\t\t\t\t\t\t\t\t<span class=\"elementor-icon-list-text\">Casos Trabalhistas<\/span>\n\t\t\t\t\t\t\t\t\t\t\t<\/a>\n\t\t\t\t\t\t\t\t\t<\/li>\n\t\t\t\t\t\t\t\t<li class=\"elementor-icon-list-item\">\n\t\t\t\t\t\t\t\t\t\t\t<a href=\"https:\/\/malvese.com.br\/index.php\/holding-familiar\/\">\n\n\t\t\t\t\t\t\t\t\t\t\t<span class=\"elementor-icon-list-text\">Holdings<\/span>\n\t\t\t\t\t\t\t\t\t\t\t<\/a>\n\t\t\t\t\t\t\t\t\t<\/li>\n\t\t\t\t\t\t\t\t<li class=\"elementor-icon-list-item\">\n\t\t\t\t\t\t\t\t\t\t\t<a href=\"https:\/\/malvese.com.br\/index.php\/inventario-e-direito-de-sucessoes\/\">\n\n\t\t\t\t\t\t\t\t\t\t\t<span class=\"elementor-icon-list-text\">Invent\u00e1rio e Direito de sucess\u00f5es<\/span>\n\t\t\t\t\t\t\t\t\t\t\t<\/a>\n\t\t\t\t\t\t\t\t\t<\/li>\n\t\t\t\t\t\t\t\t<li class=\"elementor-icon-list-item\">\n\t\t\t\t\t\t\t\t\t\t\t<a href=\"https:\/\/malvese.com.br\/index.php\/regime-de-bens-e-pactos-antenupciais\/\">\n\n\t\t\t\t\t\t\t\t\t\t\t<span class=\"elementor-icon-list-text\">Regime de bens e Pacto antenupcial<\/span>\n\t\t\t\t\t\t\t\t\t\t\t<\/a>\n\t\t\t\t\t\t\t\t\t<\/li>\n\t\t\t\t\t\t\t\t<li class=\"elementor-icon-list-item\">\n\t\t\t\t\t\t\t\t\t\t\t<a href=\"https:\/\/malvese.com.br\/index.php\/empresas-em-diversos-ramos\/\">\n\n\t\t\t\t\t\t\t\t\t\t\t<span class=\"elementor-icon-list-text\">Empresas em diversos ramos<\/span>\n\t\t\t\t\t\t\t\t\t\t\t<\/a>\n\t\t\t\t\t\t\t\t\t<\/li>\n\t\t\t\t\t\t<\/ul>\n\t\t\t\t\t\t<\/div>\n\t\t\t\t<\/div>\n\t\t\t\t\t<\/div>\n\t\t\t\t<\/div>\n\t\t\t\t<\/div>\n\t\t<div class=\"elementor-element elementor-element-2f2679d e-con-full e-flex e-con e-child\" data-id=\"2f2679d\" data-element_type=\"container\">\n\t\t\t\t<div class=\"elementor-element elementor-element-516f397 elementor-view-default elementor-widget elementor-widget-icon\" data-id=\"516f397\" data-element_type=\"widget\" data-widget_type=\"icon.default\">\n\t\t\t\t<div class=\"elementor-widget-container\">\n\t\t\t\t\t\t\t<div class=\"elementor-icon-wrapper\">\n\t\t\t<div class=\"elementor-icon\">\n\t\t\t<svg xmlns=\"http:\/\/www.w3.org\/2000\/svg\" width=\"40\" height=\"41\" viewBox=\"0 0 40 41\" fill=\"none\"><g id=\"Frame\"><path id=\"Vector\" fill-rule=\"evenodd\" clip-rule=\"evenodd\" d=\"M13.75 11.6296C13.75 9.97204 14.4085 8.38232 15.5806 7.21022C16.7527 6.03812 18.3424 5.37964 20 5.37964C21.6576 5.37964 23.2474 6.03812 24.4195 7.21022C25.5916 8.38232 26.25 9.97204 26.25 11.6296C26.25 13.2872 25.5916 14.877 24.4195 16.0491C23.2474 17.2212 21.6576 17.8796 20 17.8796C18.3424 17.8796 16.7527 17.2212 15.5806 16.0491C14.4085 14.877 13.75 13.2872 13.75 11.6296ZM26.25 16.6296C26.25 15.3036 26.7768 14.0318 27.7145 13.0941C28.6522 12.1564 29.924 11.6296 31.25 11.6296C32.5761 11.6296 33.8479 12.1564 34.7856 13.0941C35.7233 14.0318 36.25 15.3036 36.25 16.6296C36.25 17.9557 35.7233 19.2275 34.7856 20.1652C33.8479 21.1029 32.5761 21.6296 31.25 21.6296C29.924 21.6296 28.6522 21.1029 27.7145 20.1652C26.7768 19.2275 26.25 17.9557 26.25 16.6296ZM3.75004 16.6296C3.75004 15.3036 4.27682 14.0318 5.21451 13.0941C6.15219 12.1564 7.42396 11.6296 8.75004 11.6296C10.0761 11.6296 11.3479 12.1564 12.2856 13.0941C13.2233 14.0318 13.75 15.3036 13.75 16.6296C13.75 17.9557 13.2233 19.2275 12.2856 20.1652C11.3479 21.1029 10.0761 21.6296 8.75004 21.6296C7.42396 21.6296 6.15219 21.1029 5.21451 20.1652C4.27682 19.2275 3.75004 17.9557 3.75004 16.6296ZM10.5167 25.5746C11.5333 23.9813 12.9352 22.6701 14.5927 21.762C16.2503 20.854 18.1101 20.3786 20 20.3796C21.5831 20.3782 23.1486 20.7111 24.594 21.3566C26.0395 22.002 27.3323 22.9455 28.3879 24.1253C29.4435 25.305 30.238 26.6943 30.7195 28.2024C31.2009 29.7104 31.3584 31.3032 31.1817 32.8763C31.1601 33.0717 31.0927 33.2593 30.985 33.4238C30.8772 33.5883 30.7322 33.7251 30.5617 33.823C27.3476 35.6672 23.7056 36.635 20 36.6296C16.1584 36.6296 12.55 35.6096 9.43837 33.823C9.26786 33.7251 9.12284 33.5883 9.01511 33.4238C8.90738 33.2593 8.83998 33.0717 8.81837 32.8763C8.53846 30.3207 9.13747 27.7459 10.5167 25.5763V25.5746Z\" fill=\"#222230\"><\/path><path id=\"Vector_2\" d=\"M8.47002 24.136C6.82628 26.6733 6.06045 29.6798 6.29002 32.6943C5.2892 32.5426 4.30487 32.2971 3.35002 31.961L3.15836 31.8943C2.98735 31.8336 2.83761 31.7246 2.72727 31.5806C2.61693 31.4365 2.55073 31.2636 2.53669 31.0827L2.52002 30.881C2.4527 30.0443 2.55462 29.2025 2.8197 28.4061C3.08478 27.6096 3.50758 26.8747 4.06289 26.2452C4.6182 25.6156 5.29463 25.1045 6.05182 24.7421C6.80901 24.3797 7.63143 24.1736 8.47002 24.136ZM33.71 32.6943C33.9396 29.6798 33.1738 26.6733 31.53 24.136C32.3686 24.1736 33.191 24.3797 33.9482 24.7421C34.7054 25.1045 35.3818 25.6156 35.9372 26.2452C36.4925 26.8747 36.9153 27.6096 37.1803 28.4061C37.4454 29.2025 37.5473 30.0443 37.48 30.881L37.4634 31.0827C37.449 31.2633 37.3827 31.4359 37.2723 31.5796C37.162 31.7234 37.0125 31.8321 36.8417 31.8927L36.65 31.9593C35.705 32.2927 34.7234 32.541 33.71 32.6943Z\" fill=\"#222230\"><\/path><\/g><\/svg>\t\t\t<\/div>\n\t\t<\/div>\n\t\t\t\t\t\t<\/div>\n\t\t\t\t<\/div>\n\t\t\t\t<div class=\"elementor-element elementor-element-5fdb491d elementor-widget elementor-widget-heading\" data-id=\"5fdb491d\" data-element_type=\"widget\" data-widget_type=\"heading.default\">\n\t\t\t\t<div class=\"elementor-widget-container\">\n\t\t\t\t\t<h1 class=\"elementor-heading-title elementor-size-default\">Direito Patrimonial e Gest\u00e3o de Patrim\u00f4nio<\/h1>\t\t\t\t<\/div>\n\t\t\t\t<\/div>\n\t\t\t\t<div class=\"elementor-element elementor-element-287c3fed elementor-widget elementor-widget-text-editor\" data-id=\"287c3fed\" data-element_type=\"widget\" data-widget_type=\"text-editor.default\">\n\t\t\t\t<div class=\"elementor-widget-container\">\n\t\t\t\t\t\t\t\t\t<p>No campo do Direito Patrimonial, a Malvese Advogados adota uma abordagem interdisciplinar e inovadora, integrando Direito Tribut\u00e1rio, Sucess\u00f3rio, Imobili\u00e1rio e Societ\u00e1rio para fornecer solu\u00e7\u00f5es jur\u00eddicas personalizadas e abrangentes. Reconhecemos que as necessidades de cada cliente s\u00e3o \u00fanicas, por isso desenvolvemos estrat\u00e9gias sob medida, visando a efici\u00eancia e a prote\u00e7\u00e3o patrimonial.<\/p><p>Nossa equipe, altamente especializada, foca na otimiza\u00e7\u00e3o fiscal e no planejamento tribut\u00e1rio, assegurando a prote\u00e7\u00e3o e valoriza\u00e7\u00e3o dos ativos dos nossos clientes. Isso inclui um planejamento sucess\u00f3rio detalhado, com a elabora\u00e7\u00e3o de testamentos e a administra\u00e7\u00e3o eficiente de heran\u00e7as, alinhados \u00e0s expectativas e necessidades individuais.<\/p><p>Al\u00e9m disso, oferecemos expertise na gest\u00e3o e transa\u00e7\u00e3o de propriedades imobili\u00e1rias, proporcionando aos nossos clientes seguran\u00e7a jur\u00eddica e efici\u00eancia na administra\u00e7\u00e3o do patrim\u00f4nio. Importante destacar tamb\u00e9m a nossa compet\u00eancia em Direito Societ\u00e1rio, onde desenvolvemos estrat\u00e9gias para a forma\u00e7\u00e3o de entidades corporativas, visando a prote\u00e7\u00e3o patrimonial e a individualiza\u00e7\u00e3o de receitas financeiras. Esta abordagem permite uma melhor gest\u00e3o e controle dos ativos, atrav\u00e9s da cria\u00e7\u00e3o de estruturas empresariais otimizadas, tanto para a prote\u00e7\u00e3o quanto para o crescimento do patrim\u00f4nio.<\/p><p>Na Malvese Advogados, tratamos cada caso de forma \u00fanica, com solu\u00e7\u00f5es que espelham a complexidade e individualidade de cada situa\u00e7\u00e3o. Nosso objetivo \u00e9 garantir que seu patrim\u00f4nio esteja protegido e estruturado para maximizar seu potencial, hoje e para as futuras gera\u00e7\u00f5es.<\/p><p>Contate-nos hoje mesmo para iniciar a jornada de prote\u00e7\u00e3o do seu legado. Malvese Advogados, onde o futuro do seu patrim\u00f4nio \u00e9 constru\u00eddo com seguran\u00e7a e expertise.<\/p>\t\t\t\t\t\t\t\t<\/div>\n\t\t\t\t<\/div>\n\t\t\t\t<div class=\"elementor-element elementor-element-753b0ef1 elementor-align-left elementor-widget elementor-widget-button\" data-id=\"753b0ef1\" data-element_type=\"widget\" data-widget_type=\"button.default\">\n\t\t\t\t<div class=\"elementor-widget-container\">\n\t\t\t\t\t\t\t\t\t<div class=\"elementor-button-wrapper\">\n\t\t\t\t\t<a class=\"elementor-button elementor-button-link elementor-size-sm\" href=\"https:\/\/api.whatsapp.com\/send?phone=5511911296084&#038;text=Ol%C3%A1!%20Cheguei%20atrav%C3%A9s%20do%20site.%20Gostaria%20de%20agendar%20uma%20consulta.%20\" target=\"_blank\">\n\t\t\t\t\t\t<span class=\"elementor-button-content-wrapper\">\n\t\t\t\t\t\t\t\t\t<span class=\"elementor-button-text\">Agende uma consulta<\/span>\n\t\t\t\t\t<\/span>\n\t\t\t\t\t<\/a>\n\t\t\t\t<\/div>\n\t\t\t\t\t\t\t\t<\/div>\n\t\t\t\t<\/div>\n\t\t<div class=\"elementor-element elementor-element-41c7885 elementor-hidden-desktop elementor-hidden-tablet e-flex e-con-boxed e-con e-child\" data-id=\"41c7885\" data-element_type=\"container\">\n\t\t\t\t\t<div class=\"e-con-inner\">\n\t\t\t\t<div class=\"elementor-element elementor-element-7ffcd3c1 elementor-widget elementor-widget-heading\" data-id=\"7ffcd3c1\" data-element_type=\"widget\" data-widget_type=\"heading.default\">\n\t\t\t\t<div class=\"elementor-widget-container\">\n\t\t\t\t\t<h3 class=\"elementor-heading-title elementor-size-default\">Outros servi\u00e7os<\/h3>\t\t\t\t<\/div>\n\t\t\t\t<\/div>\n\t\t\t\t<div class=\"elementor-element elementor-element-2bec1d0 elementor-icon-list--layout-traditional elementor-list-item-link-full_width elementor-widget elementor-widget-icon-list\" data-id=\"2bec1d0\" data-element_type=\"widget\" data-widget_type=\"icon-list.default\">\n\t\t\t\t<div class=\"elementor-widget-container\">\n\t\t\t\t\t\t\t<ul class=\"elementor-icon-list-items\">\n\t\t\t\t\t\t\t<li class=\"elementor-icon-list-item\">\n\t\t\t\t\t\t\t\t\t\t\t<a href=\"https:\/\/malvese.com.br\/index.php\/casos-trabalhistas\/\">\n\n\t\t\t\t\t\t\t\t\t\t\t<span class=\"elementor-icon-list-text\">Casos Trabalhistas<\/span>\n\t\t\t\t\t\t\t\t\t\t\t<\/a>\n\t\t\t\t\t\t\t\t\t<\/li>\n\t\t\t\t\t\t\t\t<li class=\"elementor-icon-list-item\">\n\t\t\t\t\t\t\t\t\t\t\t<a href=\"https:\/\/malvese.com.br\/index.php\/holding-familiar\/\">\n\n\t\t\t\t\t\t\t\t\t\t\t<span class=\"elementor-icon-list-text\">Holdings<\/span>\n\t\t\t\t\t\t\t\t\t\t\t<\/a>\n\t\t\t\t\t\t\t\t\t<\/li>\n\t\t\t\t\t\t\t\t<li class=\"elementor-icon-list-item\">\n\t\t\t\t\t\t\t\t\t\t\t<a href=\"https:\/\/malvese.com.br\/index.php\/inventario-e-direito-de-sucessoes\/\">\n\n\t\t\t\t\t\t\t\t\t\t\t<span class=\"elementor-icon-list-text\">Invent\u00e1rio e Direito de sucess\u00f5es<\/span>\n\t\t\t\t\t\t\t\t\t\t\t<\/a>\n\t\t\t\t\t\t\t\t\t<\/li>\n\t\t\t\t\t\t\t\t<li class=\"elementor-icon-list-item\">\n\t\t\t\t\t\t\t\t\t\t\t<a href=\"https:\/\/malvese.com.br\/index.php\/regime-de-bens-e-pactos-antenupciais\/\">\n\n\t\t\t\t\t\t\t\t\t\t\t<span class=\"elementor-icon-list-text\">Regime de bens e Pacto antenupcial<\/span>\n\t\t\t\t\t\t\t\t\t\t\t<\/a>\n\t\t\t\t\t\t\t\t\t<\/li>\n\t\t\t\t\t\t\t\t<li class=\"elementor-icon-list-item\">\n\t\t\t\t\t\t\t\t\t\t\t<a href=\"https:\/\/malvese.com.br\/index.php\/empresas-em-diversos-ramos\/\">\n\n\t\t\t\t\t\t\t\t\t\t\t<span class=\"elementor-icon-list-text\">Empresas em diversos ramos<\/span>\n\t\t\t\t\t\t\t\t\t\t\t<\/a>\n\t\t\t\t\t\t\t\t\t<\/li>\n\t\t\t\t\t\t<\/ul>\n\t\t\t\t\t\t<\/div>\n\t\t\t\t<\/div>\n\t\t\t\t\t<\/div>\n\t\t\t\t<\/div>\n\t\t\t\t<\/div>\n\t\t\t\t\t<\/div>\n\t\t\t\t<\/div>\n\t\t\t\t<\/div>\n\t\t","protected":false},"excerpt":{"rendered":"<p>Outros servi\u00e7os Casos Trabalhistas Holdings Invent\u00e1rio e Direito de sucess\u00f5es Regime de bens e Pacto antenupcial Empresas em diversos ramos Direito Patrimonial e Gest\u00e3o de Patrim\u00f4nio No campo do Direito Patrimonial, a Malvese Advogados adota uma abordagem interdisciplinar e inovadora, integrando Direito Tribut\u00e1rio, Sucess\u00f3rio, Imobili\u00e1rio e Societ\u00e1rio para fornecer solu\u00e7\u00f5es jur\u00eddicas personalizadas e abrangentes. Reconhecemos [&hellip;]<\/p>\n","protected":false},"author":1,"featured_media":0,"parent":0,"menu_order":0,"comment_status":"closed","ping_status":"closed","template":"","meta":{"om_disable_all_campaigns":false,"_uf_show_specific_survey":0,"_uf_disable_surveys":false,"_joinchat":[],"footnotes":""},"class_list":["post-2168","page","type-page","status-publish","hentry"],"aioseo_notices":[],"_links":{"self":[{"href":"https:\/\/malvese.com.br\/index.php\/wp-json\/wp\/v2\/pages\/2168","targetHints":{"allow":["GET"]}}],"collection":[{"href":"https:\/\/malvese.com.br\/index.php\/wp-json\/wp\/v2\/pages"}],"about":[{"href":"https:\/\/malvese.com.br\/index.php\/wp-json\/wp\/v2\/types\/page"}],"author":[{"embeddable":true,"href":"https:\/\/malvese.com.br\/index.php\/wp-json\/wp\/v2\/users\/1"}],"replies":[{"embeddable":true,"href":"https:\/\/malvese.com.br\/index.php\/wp-json\/wp\/v2\/comments?post=2168"}],"version-history":[{"count":31,"href":"https:\/\/malvese.com.br\/index.php\/wp-json\/wp\/v2\/pages\/2168\/revisions"}],"predecessor-version":[{"id":3915,"href":"https:\/\/malvese.com.br\/index.php\/wp-json\/wp\/v2\/pages\/2168\/revisions\/3915"}],"wp:attachment":[{"href":"https:\/\/malvese.com.br\/index.php\/wp-json\/wp\/v2\/media?parent=2168"}],"curies":[{"name":"wp","href":"https:\/\/api.w.org\/{rel}","templated":true}]}}