{"id":38,"date":"2023-09-01T15:44:14","date_gmt":"2023-09-01T18:44:14","guid":{"rendered":"https:\/\/malvese.com.br\/?page_id=38"},"modified":"2024-07-26T21:09:52","modified_gmt":"2024-07-27T00:09:52","slug":"contato","status":"publish","type":"page","link":"https:\/\/malvese.com.br\/index.php\/contato\/","title":{"rendered":"Contato"},"content":{"rendered":"\t\t<div data-elementor-type=\"wp-page\" data-elementor-id=\"38\" class=\"elementor elementor-38\" data-elementor-post-type=\"page\">\n\t\t\t\t<div class=\"elementor-element elementor-element-348461f e-flex e-con-boxed e-con e-parent\" data-id=\"348461f\" data-element_type=\"container\">\n\t\t\t\t\t<div class=\"e-con-inner\">\n\t\t<div class=\"elementor-element elementor-element-dc010f5 e-flex e-con-boxed e-con e-child\" data-id=\"dc010f5\" data-element_type=\"container\">\n\t\t\t\t\t<div class=\"e-con-inner\">\n\t\t\t\t<div class=\"elementor-element elementor-element-f09f5be elementor-widget elementor-widget-heading\" data-id=\"f09f5be\" data-element_type=\"widget\" data-widget_type=\"heading.default\">\n\t\t\t\t<div class=\"elementor-widget-container\">\n\t\t\t\t\t<span class=\"elementor-heading-title elementor-size-default\">Contato<\/span>\t\t\t\t<\/div>\n\t\t\t\t<\/div>\n\t\t\t\t<div class=\"elementor-element elementor-element-56448d9 elementor-widget elementor-widget-heading\" data-id=\"56448d9\" data-element_type=\"widget\" data-widget_type=\"heading.default\">\n\t\t\t\t<div class=\"elementor-widget-container\">\n\t\t\t\t\t<h1 class=\"elementor-heading-title elementor-size-default\">Contate-nos<\/h1>\t\t\t\t<\/div>\n\t\t\t\t<\/div>\n\t\t\t\t<div class=\"elementor-element elementor-element-8542a49 elementor-widget elementor-widget-text-editor\" data-id=\"8542a49\" data-element_type=\"widget\" data-widget_type=\"text-editor.default\">\n\t\t\t\t<div class=\"elementor-widget-container\">\n\t\t\t\t\t\t\t\t\t<p>Fale conosco agora mesmo se voc\u00ea tem alguma pergunta ou gostaria de<\/p><p><strong>agendar uma consulta<\/strong>. Ser\u00e1 um prazer te ajudar.<\/p>\t\t\t\t\t\t\t\t<\/div>\n\t\t\t\t<\/div>\n\t\t\t\t\t<\/div>\n\t\t\t\t<\/div>\n\t\t\t\t\t<\/div>\n\t\t\t\t<\/div>\n\t\t<div class=\"elementor-element elementor-element-a035dee e-flex e-con-boxed e-con e-parent\" data-id=\"a035dee\" data-element_type=\"container\">\n\t\t\t\t\t<div class=\"e-con-inner\">\n\t\t<div class=\"elementor-element elementor-element-2721414 e-con-full e-flex e-con e-child\" data-id=\"2721414\" data-element_type=\"container\">\n\t\t\t\t<div class=\"elementor-element elementor-element-b22e0d4 elementor-position-left elementor-view-default elementor-mobile-position-top elementor-widget elementor-widget-icon-box\" data-id=\"b22e0d4\" data-element_type=\"widget\" data-widget_type=\"icon-box.default\">\n\t\t\t\t<div class=\"elementor-widget-container\">\n\t\t\t\t\t\t\t<div class=\"elementor-icon-box-wrapper\">\n\n\t\t\t\t\t\t<div class=\"elementor-icon-box-icon\">\n\t\t\t\t<span  class=\"elementor-icon\">\n\t\t\t\t<svg xmlns=\"http:\/\/www.w3.org\/2000\/svg\" width=\"32\" height=\"33\" viewBox=\"0 0 32 33\" fill=\"none\"><g id=\"Frame\"><path id=\"Vector\" fill-rule=\"evenodd\" clip-rule=\"evenodd\" d=\"M15.999 3.50014C8.81902 3.50014 2.99902 9.32014 2.99902 16.5001C2.99902 23.6801 8.81902 29.5001 15.999 29.5001C23.179 29.5001 28.999 23.6801 28.999 16.5001C28.999 9.32014 23.179 3.50014 15.999 3.50014ZM16.999 8.50014C16.999 8.23492 16.8937 7.98057 16.7061 7.79303C16.5186 7.60549 16.2642 7.50014 15.999 7.50014C15.7338 7.50014 15.4795 7.60549 15.2919 7.79303C15.1044 7.98057 14.999 8.23492 14.999 8.50014V16.5001C14.999 17.0521 15.447 17.5001 15.999 17.5001H21.999C22.2642 17.5001 22.5186 17.3948 22.7061 17.2072C22.8937 17.0197 22.999 16.7654 22.999 16.5001C22.999 16.2349 22.8937 15.9806 22.7061 15.793C22.5186 15.6055 22.2642 15.5001 21.999 15.5001H16.999V8.50014Z\" fill=\"#EAC380\"><\/path><\/g><\/svg>\t\t\t\t<\/span>\n\t\t\t<\/div>\n\t\t\t\n\t\t\t\t\t\t<div class=\"elementor-icon-box-content\">\n\n\t\t\t\t\t\t\t\t\t<h3 class=\"elementor-icon-box-title\">\n\t\t\t\t\t\t<span  >\n\t\t\t\t\t\t\tAtendimento: seg.- sex. <br>09:00 \u00e1s 18:00\t\t\t\t\t\t<\/span>\n\t\t\t\t\t<\/h3>\n\t\t\t\t\n\t\t\t\t\n\t\t\t<\/div>\n\t\t\t\n\t\t<\/div>\n\t\t\t\t\t\t<\/div>\n\t\t\t\t<\/div>\n\t\t\t\t<div class=\"elementor-element elementor-element-09ead17 elementor-icon-list--layout-traditional elementor-list-item-link-full_width elementor-widget elementor-widget-icon-list\" data-id=\"09ead17\" data-element_type=\"widget\" data-widget_type=\"icon-list.default\">\n\t\t\t\t<div class=\"elementor-widget-container\">\n\t\t\t\t\t\t\t<ul class=\"elementor-icon-list-items\">\n\t\t\t\t\t\t\t<li class=\"elementor-icon-list-item\">\n\t\t\t\t\t\t\t\t\t\t\t<span class=\"elementor-icon-list-icon\">\n\t\t\t\t\t\t\t<svg xmlns=\"http:\/\/www.w3.org\/2000\/svg\" width=\"32\" height=\"33\" viewBox=\"0 0 32 33\" fill=\"none\"><g id=\"Frame\"><path id=\"Vector\" d=\"M16.2529 2.66667C8.66184 2.66667 2.5074 8.77298 2.5074 16.3062C2.5074 18.883 3.22815 21.293 4.47984 23.3491L1.99902 30.6667L9.60927 28.249C11.5785 29.3294 13.8433 29.9457 16.2529 29.9457C23.845 29.9457 29.999 23.8385 29.999 16.3062C29.999 8.77298 23.845 2.66667 16.2529 2.66667ZM23.088 21.486C22.7646 22.2877 21.3021 23.0194 20.6568 23.053C20.0122 23.0872 19.9938 23.5527 16.4793 22.0259C12.9653 20.4988 10.8511 16.7857 10.6844 16.5465C10.5176 16.3083 9.32315 14.6061 9.38759 12.8931C9.45246 11.1798 10.3905 10.3715 10.7253 10.0353C11.0598 9.69861 11.4432 9.6383 11.6773 9.63448C11.9541 9.62998 12.1333 9.62623 12.3381 9.6338C12.5428 9.64155 12.8501 9.59098 13.1163 10.2987C13.3823 11.0064 14.019 12.7458 14.1004 12.923C14.1818 13.1005 14.2321 13.3059 14.1068 13.5337C13.981 13.762 13.9166 13.9047 13.7342 14.1014C13.5508 14.2982 13.3483 14.5415 13.1847 14.692C13.0022 14.8585 12.8116 15.0402 13.0035 15.3963C13.1952 15.7521 13.8568 16.9185 14.8646 17.8798C16.16 19.1155 17.277 19.5254 17.6208 19.7121C17.9655 19.8999 18.1711 19.879 18.3849 19.654C18.5976 19.4291 19.2998 18.6699 19.5471 18.331C19.7943 17.9911 20.026 18.0577 20.3435 18.1854C20.6609 18.3137 22.3533 19.2202 22.6981 19.4074C23.0425 19.5942 23.2726 19.6904 23.355 19.8386C23.4373 19.9874 23.4113 20.6843 23.088 21.486Z\" fill=\"#887459\"><\/path><\/g><\/svg>\t\t\t\t\t\t<\/span>\n\t\t\t\t\t\t\t\t\t\t<span class=\"elementor-icon-list-text\">(11) 91129-6084<\/span>\n\t\t\t\t\t\t\t\t\t<\/li>\n\t\t\t\t\t\t\t\t<li class=\"elementor-icon-list-item\">\n\t\t\t\t\t\t\t\t\t\t\t<span class=\"elementor-icon-list-icon\">\n\t\t\t\t\t\t\t<svg xmlns=\"http:\/\/www.w3.org\/2000\/svg\" width=\"32\" height=\"33\" viewBox=\"0 0 32 33\" fill=\"none\"><g id=\"Frame\"><path id=\"Vector\" fill-rule=\"evenodd\" clip-rule=\"evenodd\" d=\"M1.99902 6.33286C1.99902 5.27199 2.42045 4.25457 3.1706 3.50443C3.92074 2.75428 4.93816 2.33286 5.99902 2.33286H7.82836C8.97502 2.33286 9.97502 3.11419 10.2537 4.22619L11.727 10.1235C11.8464 10.6009 11.8223 11.1028 11.6577 11.5665C11.4931 12.0302 11.1953 12.435 10.8017 12.7302L9.07769 14.0235C8.89769 14.1582 8.85902 14.3555 8.90969 14.4929C9.6622 16.5393 10.8505 18.3978 12.3923 19.9396C13.9341 21.4814 15.7926 22.6697 17.839 23.4222C17.9764 23.4729 18.1724 23.4342 18.3084 23.2542L19.6017 21.5302C19.8969 21.1366 20.3017 20.8388 20.7654 20.6742C21.2291 20.5096 21.731 20.4855 22.2084 20.6049L28.1057 22.0782C29.2177 22.3569 29.999 23.3569 29.999 24.5049V26.3329C29.999 27.3937 29.5776 28.4111 28.8275 29.1613C28.0773 29.9114 27.0599 30.3329 25.999 30.3329H22.999C11.4017 30.3329 1.99902 20.9302 1.99902 9.33286V6.33286Z\" fill=\"#887459\"><\/path><\/g><\/svg>\t\t\t\t\t\t<\/span>\n\t\t\t\t\t\t\t\t\t\t<span class=\"elementor-icon-list-text\">(11) 4221-9604<\/span>\n\t\t\t\t\t\t\t\t\t<\/li>\n\t\t\t\t\t\t\t\t<li class=\"elementor-icon-list-item\">\n\t\t\t\t\t\t\t\t\t\t\t<span class=\"elementor-icon-list-icon\">\n\t\t\t\t\t\t\t<svg xmlns=\"http:\/\/www.w3.org\/2000\/svg\" width=\"32\" height=\"32\" viewBox=\"0 0 32 32\" fill=\"none\"><g id=\"Frame\"><path id=\"Vector\" d=\"M1.99902 11.5599V22.9999C1.99902 24.0608 2.42045 25.0782 3.1706 25.8283C3.92074 26.5785 4.93816 26.9999 5.99902 26.9999H25.999C27.0599 26.9999 28.0773 26.5785 28.8275 25.8283C29.5776 25.0782 29.999 24.0608 29.999 22.9999V11.5599L18.095 18.8839C17.4647 19.2717 16.7391 19.477 15.999 19.477C15.2589 19.477 14.5334 19.2717 13.903 18.8839L1.99902 11.5599Z\" fill=\"#887459\"><\/path><path id=\"Vector_2\" d=\"M29.999 9.21018V8.99951C29.999 7.93865 29.5776 6.92123 28.8275 6.17108C28.0773 5.42094 27.0599 4.99951 25.999 4.99951H5.99902C4.93816 4.99951 3.92074 5.42094 3.1706 6.17108C2.42045 6.92123 1.99902 7.93865 1.99902 8.99951V9.21018L14.951 17.1808C15.2662 17.3747 15.629 17.4774 15.999 17.4774C16.3691 17.4774 16.7319 17.3747 17.047 17.1808L29.999 9.21018Z\" fill=\"#887459\"><\/path><\/g><\/svg>\t\t\t\t\t\t<\/span>\n\t\t\t\t\t\t\t\t\t\t<span class=\"elementor-icon-list-text\">contato@malvese.com.br<\/span>\n\t\t\t\t\t\t\t\t\t<\/li>\n\t\t\t\t\t\t<\/ul>\n\t\t\t\t\t\t<\/div>\n\t\t\t\t<\/div>\n\t\t\t\t<\/div>\n\t\t<div class=\"elementor-element elementor-element-d9173eb e-con-full e-flex e-con e-child\" data-id=\"d9173eb\" data-element_type=\"container\">\n\t\t\t\t<div class=\"elementor-element elementor-element-044263a elementor-position-left elementor-view-default elementor-mobile-position-top elementor-widget elementor-widget-icon-box\" data-id=\"044263a\" data-element_type=\"widget\" data-widget_type=\"icon-box.default\">\n\t\t\t\t<div class=\"elementor-widget-container\">\n\t\t\t\t\t\t\t<div class=\"elementor-icon-box-wrapper\">\n\n\t\t\t\t\t\t<div class=\"elementor-icon-box-icon\">\n\t\t\t\t<span  class=\"elementor-icon\">\n\t\t\t\t<svg xmlns=\"http:\/\/www.w3.org\/2000\/svg\" width=\"32\" height=\"32\" viewBox=\"0 0 32 32\" fill=\"none\"><g id=\"Frame\"><path id=\"Vector\" fill-rule=\"evenodd\" clip-rule=\"evenodd\" d=\"M15.3857 29.8013L15.479 29.8547L15.5164 29.876C15.6644 29.956 15.8301 29.998 15.9984 29.998C16.1667 29.998 16.3323 29.956 16.4804 29.876L16.5177 29.856L16.6124 29.8013C17.1338 29.4921 17.6427 29.1621 18.1377 28.812C19.4191 27.9073 20.6164 26.889 21.715 25.7693C24.307 23.116 26.999 19.1293 26.999 14C26.999 11.0826 25.8401 8.28471 23.7772 6.22181C21.7143 4.15891 18.9164 2.99998 15.999 2.99998C13.0816 2.99998 10.2837 4.15891 8.22085 6.22181C6.15795 8.28471 4.99902 11.0826 4.99902 14C4.99902 19.128 7.69236 23.116 10.283 25.7693C11.3812 26.8889 12.5781 27.9072 13.859 28.812C14.3544 29.1621 14.8637 29.4921 15.3857 29.8013ZM15.999 18C17.0599 18 18.0773 17.5786 18.8275 16.8284C19.5776 16.0783 19.999 15.0609 19.999 14C19.999 12.9391 19.5776 11.9217 18.8275 11.1716C18.0773 10.4214 17.0599 9.99998 15.999 9.99998C14.9382 9.99998 13.9207 10.4214 13.1706 11.1716C12.4205 11.9217 11.999 12.9391 11.999 14C11.999 15.0609 12.4205 16.0783 13.1706 16.8284C13.9207 17.5786 14.9382 18 15.999 18Z\" fill=\"#887459\"><\/path><\/g><\/svg>\t\t\t\t<\/span>\n\t\t\t<\/div>\n\t\t\t\n\t\t\t\t\t\t<div class=\"elementor-icon-box-content\">\n\n\t\t\t\t\t\t\t\t\t<h3 class=\"elementor-icon-box-title\">\n\t\t\t\t\t\t<span  >\n\t\t\t\t\t\t\tRua Amazonas, 439, Cj. 170, Centro <br> S\u00e3o Caetano do Sul - SP\t\t\t\t\t\t<\/span>\n\t\t\t\t\t<\/h3>\n\t\t\t\t\n\t\t\t\t\n\t\t\t<\/div>\n\t\t\t\n\t\t<\/div>\n\t\t\t\t\t\t<\/div>\n\t\t\t\t<\/div>\n\t\t\t\t<div class=\"elementor-element elementor-element-efffbab elementor-widget elementor-widget-google_maps\" data-id=\"efffbab\" data-element_type=\"widget\" data-widget_type=\"google_maps.default\">\n\t\t\t\t<div class=\"elementor-widget-container\">\n\t\t\t\t\t\t\t<div class=\"elementor-custom-embed\">\n\t\t\t<iframe loading=\"lazy\"\n\t\t\t\t\tsrc=\"https:\/\/maps.google.com\/maps?q=Rua%20Amazonas%2C%20439%2C%20CentroS%C3%A3o%20Caetano%20do%20Sul%20-%20SP&#038;t=m&#038;z=15&#038;output=embed&#038;iwloc=near\"\n\t\t\t\t\ttitle=\"Rua Amazonas, 439, CentroS\u00e3o Caetano do Sul - SP\"\n\t\t\t\t\taria-label=\"Rua Amazonas, 439, CentroS\u00e3o Caetano do Sul - SP\"\n\t\t\t><\/iframe>\n\t\t<\/div>\n\t\t\t\t\t\t<\/div>\n\t\t\t\t<\/div>\n\t\t\t\t<\/div>\n\t\t\t\t\t<\/div>\n\t\t\t\t<\/div>\n\t\t\t\t<\/div>\n\t\t","protected":false},"excerpt":{"rendered":"<p>Contato Contate-nos Fale conosco agora mesmo se voc\u00ea tem alguma pergunta ou gostaria de agendar uma consulta. Ser\u00e1 um prazer te ajudar. Atendimento: seg.- sex. 09:00 \u00e1s 18:00 (11) 91129-6084 (11) 4221-9604 contato@malvese.com.br Rua Amazonas, 439, Cj. 170, Centro S\u00e3o Caetano do Sul &#8211; SP<\/p>\n","protected":false},"author":1,"featured_media":0,"parent":0,"menu_order":0,"comment_status":"closed","ping_status":"closed","template":"","meta":{"om_disable_all_campaigns":false,"_uf_show_specific_survey":0,"_uf_disable_surveys":false,"_joinchat":[],"footnotes":""},"class_list":["post-38","page","type-page","status-publish","hentry"],"aioseo_notices":[],"_links":{"self":[{"href":"https:\/\/malvese.com.br\/index.php\/wp-json\/wp\/v2\/pages\/38","targetHints":{"allow":["GET"]}}],"collection":[{"href":"https:\/\/malvese.com.br\/index.php\/wp-json\/wp\/v2\/pages"}],"about":[{"href":"https:\/\/malvese.com.br\/index.php\/wp-json\/wp\/v2\/types\/page"}],"author":[{"embeddable":true,"href":"https:\/\/malvese.com.br\/index.php\/wp-json\/wp\/v2\/users\/1"}],"replies":[{"embeddable":true,"href":"https:\/\/malvese.com.br\/index.php\/wp-json\/wp\/v2\/comments?post=38"}],"version-history":[{"count":241,"href":"https:\/\/malvese.com.br\/index.php\/wp-json\/wp\/v2\/pages\/38\/revisions"}],"predecessor-version":[{"id":3912,"href":"https:\/\/malvese.com.br\/index.php\/wp-json\/wp\/v2\/pages\/38\/revisions\/3912"}],"wp:attachment":[{"href":"https:\/\/malvese.com.br\/index.php\/wp-json\/wp\/v2\/media?parent=38"}],"curies":[{"name":"wp","href":"https:\/\/api.w.org\/{rel}","templated":true}]}}